{"id":940,"date":"2021-07-07T14:07:34","date_gmt":"2021-07-07T14:07:34","guid":{"rendered":"http:\/\/perarose.com\/contact\/"},"modified":"2021-07-07T14:13:28","modified_gmt":"2021-07-07T14:13:28","slug":"contact","status":"publish","type":"page","link":"https:\/\/perarose.com\/tr\/contact\/","title":{"rendered":"\u0130leti\u015fim"},"content":{"rendered":"<h1>\u0130leti\u015fim<\/h1>\n<p>Butik otelimizde kald\u0131\u011f\u0131n\u0131z s\u00fcre boyunca ya\u015fad\u0131\u011f\u0131n\u0131z t\u00fcm deneyimlerinizi, sitemiz hakk\u0131ndaki g\u00f6r\u00fc\u015flerinizi ya da payla\u015fmak istedi\u011finiz di\u011fer g\u00f6r\u00fc\u015flerinizi \u00f6\u011frenmekten mutluluk duyar\u0131z.&nbsp; Yorumlar\u0131n\u0131z\u0131 ya da sorular\u0131n\u0131z\u0131 bize iletmeniz i\u00e7in sadece birka\u00e7 dakikan\u0131z\u0131 ay\u0131rman\u0131z yeterli.<\/p>\n<p><strong>Mesrutiyet Caddesi No. 87 Tepebasi &#8211; Beyoglu 34430 Istanbul &#8211; Turkey<\/strong><\/p>\n<p><strong>Tel.: +90 212 243 1500<\/strong><\/p>\n<p><strong>Fax.: +90 212 243 1501<\/strong><\/p>\n<p><iframe frameborder=\"0\" scrolling=\"no\" marginheight=\"0\" marginwidth=\"0\" src=\"https:\/\/maps.google.com\/maps?q=Pera%20Rose%20Hotel&amp;t=m&amp;z=10&amp;output=embed&amp;iwloc=near\" title=\"%3$s\" aria-label=\"%3$s\"><\/iframe><\/p>\n","protected":false},"excerpt":{"rendered":"<p>\u0130leti\u015fim Butik otelimizde kald\u0131\u011f\u0131n\u0131z s\u00fcre boyunca ya\u015fad\u0131\u011f\u0131n\u0131z t\u00fcm deneyimlerinizi, sitemiz hakk\u0131ndaki g\u00f6r\u00fc\u015flerinizi ya da payla\u015fmak istedi\u011finiz di\u011fer g\u00f6r\u00fc\u015flerinizi \u00f6\u011frenmekten mutluluk duyar\u0131z.&nbsp; Yorumlar\u0131n\u0131z\u0131 ya da sorular\u0131n\u0131z\u0131 bize iletmeniz i\u00e7in sadece birka\u00e7 dakikan\u0131z\u0131 ay\u0131rman\u0131z yeterli. Mesrutiyet Caddesi No. 87 Tepebasi &#8211; Beyoglu 34430 Istanbul &#8211; Turkey Tel.: +90 212 243 1500 Fax.: +90 212 243 1501<\/p>\n","protected":false},"author":1,"featured_media":0,"parent":0,"menu_order":0,"comment_status":"closed","ping_status":"closed","template":"","meta":{"footnotes":""},"class_list":["post-940","page","type-page","status-publish","hentry"],"yoast_head":"<!-- This site is optimized with the Yoast SEO Premium plugin v22.5 (Yoast SEO v26.6) - https:\/\/yoast.com\/wordpress\/plugins\/seo\/ -->\n<title>\u0130leti\u015fim - Pera Rose Hotel<\/title>\n<meta name=\"robots\" content=\"index, follow, max-snippet:-1, max-image-preview:large, max-video-preview:-1\" \/>\n<link rel=\"canonical\" href=\"https:\/\/perarose.com\/tr\/contact\/\" \/>\n<meta property=\"og:locale\" content=\"tr_TR\" \/>\n<meta property=\"og:type\" content=\"article\" \/>\n<meta property=\"og:title\" content=\"\u0130leti\u015fim\" \/>\n<meta property=\"og:description\" content=\"\u0130leti\u015fim Butik otelimizde kald\u0131\u011f\u0131n\u0131z s\u00fcre boyunca ya\u015fad\u0131\u011f\u0131n\u0131z t\u00fcm deneyimlerinizi, sitemiz hakk\u0131ndaki g\u00f6r\u00fc\u015flerinizi ya da payla\u015fmak istedi\u011finiz di\u011fer g\u00f6r\u00fc\u015flerinizi \u00f6\u011frenmekten mutluluk duyar\u0131z.&nbsp; Yorumlar\u0131n\u0131z\u0131 ya da sorular\u0131n\u0131z\u0131 bize iletmeniz i\u00e7in sadece birka\u00e7 dakikan\u0131z\u0131 ay\u0131rman\u0131z yeterli. Mesrutiyet Caddesi No. 87 Tepebasi &#8211; Beyoglu 34430 Istanbul &#8211; Turkey Tel.: +90 212 243 1500 Fax.: +90 212 243 1501\" \/>\n<meta property=\"og:url\" content=\"https:\/\/perarose.com\/tr\/contact\/\" \/>\n<meta property=\"og:site_name\" content=\"Pera Rose Hotel\" \/>\n<meta property=\"article:modified_time\" content=\"2021-07-07T14:13:28+00:00\" \/>\n<meta name=\"twitter:card\" content=\"summary_large_image\" \/>\n<script type=\"application\/ld+json\" class=\"yoast-schema-graph\">{\"@context\":\"https:\/\/schema.org\",\"@graph\":[{\"@type\":\"WebPage\",\"@id\":\"https:\/\/perarose.com\/tr\/contact\/\",\"url\":\"https:\/\/perarose.com\/tr\/contact\/\",\"name\":\"\u0130leti\u015fim - Pera Rose Hotel\",\"isPartOf\":{\"@id\":\"https:\/\/perarose.com\/#website\"},\"datePublished\":\"2021-07-07T14:07:34+00:00\",\"dateModified\":\"2021-07-07T14:13:28+00:00\",\"breadcrumb\":{\"@id\":\"https:\/\/perarose.com\/tr\/contact\/#breadcrumb\"},\"inLanguage\":\"tr\",\"potentialAction\":[{\"@type\":\"ReadAction\",\"target\":[\"https:\/\/perarose.com\/tr\/contact\/\"]}]},{\"@type\":\"BreadcrumbList\",\"@id\":\"https:\/\/perarose.com\/tr\/contact\/#breadcrumb\",\"itemListElement\":[{\"@type\":\"ListItem\",\"position\":1,\"name\":\"Home\",\"item\":\"https:\/\/perarose.com\/\"},{\"@type\":\"ListItem\",\"position\":2,\"name\":\"\u0130leti\u015fim\"}]},{\"@type\":\"WebSite\",\"@id\":\"https:\/\/perarose.com\/#website\",\"url\":\"https:\/\/perarose.com\/\",\"name\":\"Pera Rose Hotel\",\"description\":\"\u0130stanbul Taksim\",\"publisher\":{\"@id\":\"https:\/\/perarose.com\/#organization\"},\"potentialAction\":[{\"@type\":\"SearchAction\",\"target\":{\"@type\":\"EntryPoint\",\"urlTemplate\":\"https:\/\/perarose.com\/?s={search_term_string}\"},\"query-input\":{\"@type\":\"PropertyValueSpecification\",\"valueRequired\":true,\"valueName\":\"search_term_string\"}}],\"inLanguage\":\"tr\"},{\"@type\":\"Organization\",\"@id\":\"https:\/\/perarose.com\/#organization\",\"name\":\"Pera Rose Hotel\",\"url\":\"https:\/\/perarose.com\/\",\"logo\":{\"@type\":\"ImageObject\",\"inLanguage\":\"tr\",\"@id\":\"https:\/\/perarose.com\/#\/schema\/logo\/image\/\",\"url\":\"https:\/\/perarose.com\/wp-content\/uploads\/2021\/07\/pera-rose-otel.png\",\"contentUrl\":\"https:\/\/perarose.com\/wp-content\/uploads\/2021\/07\/pera-rose-otel.png\",\"width\":120,\"height\":70,\"caption\":\"Pera Rose Hotel\"},\"image\":{\"@id\":\"https:\/\/perarose.com\/#\/schema\/logo\/image\/\"}}]}<\/script>\n<!-- \/ Yoast SEO Premium plugin. -->","yoast_head_json":{"title":"\u0130leti\u015fim - Pera Rose Hotel","robots":{"index":"index","follow":"follow","max-snippet":"max-snippet:-1","max-image-preview":"max-image-preview:large","max-video-preview":"max-video-preview:-1"},"canonical":"https:\/\/perarose.com\/tr\/contact\/","og_locale":"tr_TR","og_type":"article","og_title":"\u0130leti\u015fim","og_description":"\u0130leti\u015fim Butik otelimizde kald\u0131\u011f\u0131n\u0131z s\u00fcre boyunca ya\u015fad\u0131\u011f\u0131n\u0131z t\u00fcm deneyimlerinizi, sitemiz hakk\u0131ndaki g\u00f6r\u00fc\u015flerinizi ya da payla\u015fmak istedi\u011finiz di\u011fer g\u00f6r\u00fc\u015flerinizi \u00f6\u011frenmekten mutluluk duyar\u0131z.&nbsp; Yorumlar\u0131n\u0131z\u0131 ya da sorular\u0131n\u0131z\u0131 bize iletmeniz i\u00e7in sadece birka\u00e7 dakikan\u0131z\u0131 ay\u0131rman\u0131z yeterli. Mesrutiyet Caddesi No. 87 Tepebasi &#8211; Beyoglu 34430 Istanbul &#8211; Turkey Tel.: +90 212 243 1500 Fax.: +90 212 243 1501","og_url":"https:\/\/perarose.com\/tr\/contact\/","og_site_name":"Pera Rose Hotel","article_modified_time":"2021-07-07T14:13:28+00:00","twitter_card":"summary_large_image","schema":{"@context":"https:\/\/schema.org","@graph":[{"@type":"WebPage","@id":"https:\/\/perarose.com\/tr\/contact\/","url":"https:\/\/perarose.com\/tr\/contact\/","name":"\u0130leti\u015fim - Pera Rose Hotel","isPartOf":{"@id":"https:\/\/perarose.com\/#website"},"datePublished":"2021-07-07T14:07:34+00:00","dateModified":"2021-07-07T14:13:28+00:00","breadcrumb":{"@id":"https:\/\/perarose.com\/tr\/contact\/#breadcrumb"},"inLanguage":"tr","potentialAction":[{"@type":"ReadAction","target":["https:\/\/perarose.com\/tr\/contact\/"]}]},{"@type":"BreadcrumbList","@id":"https:\/\/perarose.com\/tr\/contact\/#breadcrumb","itemListElement":[{"@type":"ListItem","position":1,"name":"Home","item":"https:\/\/perarose.com\/"},{"@type":"ListItem","position":2,"name":"\u0130leti\u015fim"}]},{"@type":"WebSite","@id":"https:\/\/perarose.com\/#website","url":"https:\/\/perarose.com\/","name":"Pera Rose Hotel","description":"\u0130stanbul Taksim","publisher":{"@id":"https:\/\/perarose.com\/#organization"},"potentialAction":[{"@type":"SearchAction","target":{"@type":"EntryPoint","urlTemplate":"https:\/\/perarose.com\/?s={search_term_string}"},"query-input":{"@type":"PropertyValueSpecification","valueRequired":true,"valueName":"search_term_string"}}],"inLanguage":"tr"},{"@type":"Organization","@id":"https:\/\/perarose.com\/#organization","name":"Pera Rose Hotel","url":"https:\/\/perarose.com\/","logo":{"@type":"ImageObject","inLanguage":"tr","@id":"https:\/\/perarose.com\/#\/schema\/logo\/image\/","url":"https:\/\/perarose.com\/wp-content\/uploads\/2021\/07\/pera-rose-otel.png","contentUrl":"https:\/\/perarose.com\/wp-content\/uploads\/2021\/07\/pera-rose-otel.png","width":120,"height":70,"caption":"Pera Rose Hotel"},"image":{"@id":"https:\/\/perarose.com\/#\/schema\/logo\/image\/"}}]}},"_links":{"self":[{"href":"https:\/\/perarose.com\/tr\/wp-json\/wp\/v2\/pages\/940","targetHints":{"allow":["GET"]}}],"collection":[{"href":"https:\/\/perarose.com\/tr\/wp-json\/wp\/v2\/pages"}],"about":[{"href":"https:\/\/perarose.com\/tr\/wp-json\/wp\/v2\/types\/page"}],"author":[{"embeddable":true,"href":"https:\/\/perarose.com\/tr\/wp-json\/wp\/v2\/users\/1"}],"replies":[{"embeddable":true,"href":"https:\/\/perarose.com\/tr\/wp-json\/wp\/v2\/comments?post=940"}],"version-history":[{"count":4,"href":"https:\/\/perarose.com\/tr\/wp-json\/wp\/v2\/pages\/940\/revisions"}],"predecessor-version":[{"id":948,"href":"https:\/\/perarose.com\/tr\/wp-json\/wp\/v2\/pages\/940\/revisions\/948"}],"wp:attachment":[{"href":"https:\/\/perarose.com\/tr\/wp-json\/wp\/v2\/media?parent=940"}],"curies":[{"name":"wp","href":"https:\/\/api.w.org\/{rel}","templated":true}]}}