{"id":923,"date":"2021-07-07T14:02:55","date_gmt":"2021-07-07T14:02:55","guid":{"rendered":"http:\/\/perarose.com\/location\/"},"modified":"2021-07-07T14:06:15","modified_gmt":"2021-07-07T14:06:15","slug":"location","status":"publish","type":"page","link":"https:\/\/perarose.com\/tr\/location\/","title":{"rendered":"Lokasyon"},"content":{"rendered":"\t\t<div data-elementor-type=\"wp-page\" data-elementor-id=\"923\" class=\"elementor elementor-923 elementor-911\" data-elementor-post-type=\"page\">\n\t\t\t\t\t\t<section class=\"elementor-section elementor-top-section elementor-element elementor-element-ae4d699 elementor-section-boxed elementor-section-height-default elementor-section-height-default\" data-id=\"ae4d699\" data-element_type=\"section\">\n\t\t\t\t\t\t<div class=\"elementor-container elementor-column-gap-default\">\n\t\t\t\t\t<div class=\"elementor-column elementor-col-100 elementor-top-column elementor-element elementor-element-ede350d\" data-id=\"ede350d\" data-element_type=\"column\">\n\t\t\t<div class=\"elementor-widget-wrap elementor-element-populated\">\n\t\t\t\t\t\t<div class=\"elementor-element elementor-element-57ebca2 elementor-widget elementor-widget-heading\" data-id=\"57ebca2\" data-element_type=\"widget\" data-widget_type=\"heading.default\">\n\t\t\t\t<div class=\"elementor-widget-container\">\n\t\t\t\t\t<h1 class=\"elementor-heading-title elementor-size-default\">Lokasyon<\/h1>\t\t\t\t<\/div>\n\t\t\t\t<\/div>\n\t\t\t\t\t<\/div>\n\t\t<\/div>\n\t\t\t\t\t<\/div>\n\t\t<\/section>\n\t\t\t\t<section class=\"elementor-section elementor-top-section elementor-element elementor-element-4132fab elementor-section-boxed elementor-section-height-default elementor-section-height-default\" data-id=\"4132fab\" data-element_type=\"section\">\n\t\t\t\t\t\t<div class=\"elementor-container elementor-column-gap-default\">\n\t\t\t\t\t<div class=\"elementor-column elementor-col-100 elementor-top-column elementor-element elementor-element-3793996\" data-id=\"3793996\" data-element_type=\"column\">\n\t\t\t<div class=\"elementor-widget-wrap elementor-element-populated\">\n\t\t\t\t\t\t<div class=\"elementor-element elementor-element-61a7382 elementor-widget elementor-widget-text-editor\" data-id=\"61a7382\" data-element_type=\"widget\" data-widget_type=\"text-editor.default\">\n\t\t\t\t<div class=\"elementor-widget-container\">\n\t\t\t\t\t\t\t\t\t<p>Pera Rose Hotel Galata Kulesi&#8217;ne birka\u00e7 dakika mesafede, Taksim Meydan\u0131&#8217;na sadece sekiz dakika, Tunnel\u2019e (tarihi metro)30 metre yani 2 dakika uzakl\u0131ktad\u0131r. Bu yer sizin i\u00e7in tarihe, e\u011flenceye, al\u0131\u015fveri\u015fe, benzersiz renkli g\u00fcnler ve parlak sonsuz gecelere gizemli bir yolculuk olacakt\u0131r.<\/p>\t\t\t\t\t\t\t\t<\/div>\n\t\t\t\t<\/div>\n\t\t\t\t\t<\/div>\n\t\t<\/div>\n\t\t\t\t\t<\/div>\n\t\t<\/section>\n\t\t\t\t<section class=\"elementor-section elementor-top-section elementor-element elementor-element-6d42f47 elementor-section-boxed elementor-section-height-default elementor-section-height-default\" data-id=\"6d42f47\" data-element_type=\"section\">\n\t\t\t\t\t\t<div class=\"elementor-container elementor-column-gap-default\">\n\t\t\t\t\t<div class=\"elementor-column elementor-col-50 elementor-top-column elementor-element elementor-element-36e9867\" data-id=\"36e9867\" data-element_type=\"column\">\n\t\t\t<div class=\"elementor-widget-wrap elementor-element-populated\">\n\t\t\t\t\t\t<div class=\"elementor-element elementor-element-1ff0993 elementor-widget elementor-widget-image\" data-id=\"1ff0993\" data-element_type=\"widget\" data-widget_type=\"image.default\">\n\t\t\t\t<div class=\"elementor-widget-container\">\n\t\t\t\t\t\t\t\t\t\t\t\t\t\t\t\t<a href=\"http:\/\/perarose.com\/wp-content\/uploads\/2021\/07\/pera-rose-location.jpg\" data-elementor-open-lightbox=\"yes\" data-elementor-lightbox-title=\"pera-rose-location\" data-e-action-hash=\"#elementor-action%3Aaction%3Dlightbox%26settings%3DeyJpZCI6OTE3LCJ1cmwiOiJodHRwczpcL1wvcGVyYXJvc2UuY29tXC93cC1jb250ZW50XC91cGxvYWRzXC8yMDIxXC8wN1wvcGVyYS1yb3NlLWxvY2F0aW9uLmpwZyJ9\">\n\t\t\t\t\t\t\t<img fetchpriority=\"high\" decoding=\"async\" width=\"1024\" height=\"816\" src=\"https:\/\/perarose.com\/wp-content\/uploads\/2021\/07\/pera-rose-location.jpg\" class=\"attachment-full size-full wp-image-917\" alt=\"\" srcset=\"https:\/\/perarose.com\/wp-content\/uploads\/2021\/07\/pera-rose-location.jpg 1024w, https:\/\/perarose.com\/wp-content\/uploads\/2021\/07\/pera-rose-location-300x239.jpg 300w, https:\/\/perarose.com\/wp-content\/uploads\/2021\/07\/pera-rose-location-768x612.jpg 768w\" sizes=\"(max-width: 1024px) 100vw, 1024px\" \/>\t\t\t\t\t\t\t\t<\/a>\n\t\t\t\t\t\t\t\t\t\t\t\t\t\t\t<\/div>\n\t\t\t\t<\/div>\n\t\t\t\t\t<\/div>\n\t\t<\/div>\n\t\t\t\t<div class=\"elementor-column elementor-col-50 elementor-top-column elementor-element elementor-element-b1e06bd\" data-id=\"b1e06bd\" data-element_type=\"column\">\n\t\t\t<div class=\"elementor-widget-wrap elementor-element-populated\">\n\t\t\t\t\t\t<div class=\"elementor-element elementor-element-1fd5627 elementor-widget elementor-widget-image\" data-id=\"1fd5627\" data-element_type=\"widget\" data-widget_type=\"image.default\">\n\t\t\t\t<div class=\"elementor-widget-container\">\n\t\t\t\t\t\t\t\t\t\t\t\t\t\t\t\t<a href=\"http:\/\/perarose.com\/wp-content\/uploads\/2021\/07\/pera-rose-location-taxi.jpg\" data-elementor-open-lightbox=\"yes\" data-elementor-lightbox-title=\"pera-rose-location-taxi\" data-e-action-hash=\"#elementor-action%3Aaction%3Dlightbox%26settings%3DeyJpZCI6OTE5LCJ1cmwiOiJodHRwczpcL1wvcGVyYXJvc2UuY29tXC93cC1jb250ZW50XC91cGxvYWRzXC8yMDIxXC8wN1wvcGVyYS1yb3NlLWxvY2F0aW9uLXRheGkuanBnIn0%3D\">\n\t\t\t\t\t\t\t<img decoding=\"async\" width=\"1024\" height=\"816\" src=\"https:\/\/perarose.com\/wp-content\/uploads\/2021\/07\/pera-rose-location-taxi.jpg\" class=\"attachment-full size-full wp-image-919\" alt=\"\" srcset=\"https:\/\/perarose.com\/wp-content\/uploads\/2021\/07\/pera-rose-location-taxi.jpg 1024w, https:\/\/perarose.com\/wp-content\/uploads\/2021\/07\/pera-rose-location-taxi-300x239.jpg 300w, https:\/\/perarose.com\/wp-content\/uploads\/2021\/07\/pera-rose-location-taxi-768x612.jpg 768w\" sizes=\"(max-width: 1024px) 100vw, 1024px\" \/>\t\t\t\t\t\t\t\t<\/a>\n\t\t\t\t\t\t\t\t\t\t\t\t\t\t\t<\/div>\n\t\t\t\t<\/div>\n\t\t\t\t\t<\/div>\n\t\t<\/div>\n\t\t\t\t\t<\/div>\n\t\t<\/section>\n\t\t\t\t<\/div>\n\t\t","protected":false},"excerpt":{"rendered":"<p>Lokasyon Pera Rose Hotel Galata Kulesi&#8217;ne birka\u00e7 dakika mesafede, Taksim Meydan\u0131&#8217;na sadece sekiz dakika, Tunnel\u2019e (tarihi metro)30 metre yani 2 dakika uzakl\u0131ktad\u0131r. Bu yer sizin i\u00e7in tarihe, e\u011flenceye, al\u0131\u015fveri\u015fe, benzersiz renkli g\u00fcnler ve parlak sonsuz gecelere gizemli bir yolculuk olacakt\u0131r.<\/p>\n","protected":false},"author":1,"featured_media":0,"parent":0,"menu_order":0,"comment_status":"closed","ping_status":"closed","template":"","meta":{"footnotes":""},"class_list":["post-923","page","type-page","status-publish","hentry"],"yoast_head":"<!-- This site is optimized with the Yoast SEO Premium plugin v22.5 (Yoast SEO v26.6) - https:\/\/yoast.com\/wordpress\/plugins\/seo\/ -->\n<title>Lokasyon - Pera Rose Hotel<\/title>\n<meta name=\"robots\" content=\"index, follow, max-snippet:-1, max-image-preview:large, max-video-preview:-1\" \/>\n<link rel=\"canonical\" href=\"https:\/\/perarose.com\/tr\/location\/\" \/>\n<meta property=\"og:locale\" content=\"tr_TR\" \/>\n<meta property=\"og:type\" content=\"article\" \/>\n<meta property=\"og:title\" content=\"Lokasyon\" \/>\n<meta property=\"og:description\" content=\"Lokasyon Pera Rose Hotel Galata Kulesi&#8217;ne birka\u00e7 dakika mesafede, Taksim Meydan\u0131&#8217;na sadece sekiz dakika, Tunnel\u2019e (tarihi metro)30 metre yani 2 dakika uzakl\u0131ktad\u0131r. Bu yer sizin i\u00e7in tarihe, e\u011flenceye, al\u0131\u015fveri\u015fe, benzersiz renkli g\u00fcnler ve parlak sonsuz gecelere gizemli bir yolculuk olacakt\u0131r.\" \/>\n<meta property=\"og:url\" content=\"https:\/\/perarose.com\/tr\/location\/\" \/>\n<meta property=\"og:site_name\" content=\"Pera Rose Hotel\" \/>\n<meta property=\"article:modified_time\" content=\"2021-07-07T14:06:15+00:00\" \/>\n<meta property=\"og:image\" content=\"http:\/\/perarose.com\/wp-content\/uploads\/2021\/07\/pera-rose-location.jpg\" \/>\n<meta name=\"twitter:card\" content=\"summary_large_image\" \/>\n<script type=\"application\/ld+json\" class=\"yoast-schema-graph\">{\"@context\":\"https:\/\/schema.org\",\"@graph\":[{\"@type\":\"WebPage\",\"@id\":\"https:\/\/perarose.com\/tr\/location\/\",\"url\":\"https:\/\/perarose.com\/tr\/location\/\",\"name\":\"Lokasyon - Pera Rose Hotel\",\"isPartOf\":{\"@id\":\"https:\/\/perarose.com\/#website\"},\"primaryImageOfPage\":{\"@id\":\"https:\/\/perarose.com\/tr\/location\/#primaryimage\"},\"image\":{\"@id\":\"https:\/\/perarose.com\/tr\/location\/#primaryimage\"},\"thumbnailUrl\":\"http:\/\/perarose.com\/wp-content\/uploads\/2021\/07\/pera-rose-location.jpg\",\"datePublished\":\"2021-07-07T14:02:55+00:00\",\"dateModified\":\"2021-07-07T14:06:15+00:00\",\"breadcrumb\":{\"@id\":\"https:\/\/perarose.com\/tr\/location\/#breadcrumb\"},\"inLanguage\":\"tr\",\"potentialAction\":[{\"@type\":\"ReadAction\",\"target\":[\"https:\/\/perarose.com\/tr\/location\/\"]}]},{\"@type\":\"ImageObject\",\"inLanguage\":\"tr\",\"@id\":\"https:\/\/perarose.com\/tr\/location\/#primaryimage\",\"url\":\"http:\/\/perarose.com\/wp-content\/uploads\/2021\/07\/pera-rose-location.jpg\",\"contentUrl\":\"http:\/\/perarose.com\/wp-content\/uploads\/2021\/07\/pera-rose-location.jpg\"},{\"@type\":\"BreadcrumbList\",\"@id\":\"https:\/\/perarose.com\/tr\/location\/#breadcrumb\",\"itemListElement\":[{\"@type\":\"ListItem\",\"position\":1,\"name\":\"Home\",\"item\":\"https:\/\/perarose.com\/\"},{\"@type\":\"ListItem\",\"position\":2,\"name\":\"Lokasyon\"}]},{\"@type\":\"WebSite\",\"@id\":\"https:\/\/perarose.com\/#website\",\"url\":\"https:\/\/perarose.com\/\",\"name\":\"Pera Rose Hotel\",\"description\":\"\u0130stanbul Taksim\",\"publisher\":{\"@id\":\"https:\/\/perarose.com\/#organization\"},\"potentialAction\":[{\"@type\":\"SearchAction\",\"target\":{\"@type\":\"EntryPoint\",\"urlTemplate\":\"https:\/\/perarose.com\/?s={search_term_string}\"},\"query-input\":{\"@type\":\"PropertyValueSpecification\",\"valueRequired\":true,\"valueName\":\"search_term_string\"}}],\"inLanguage\":\"tr\"},{\"@type\":\"Organization\",\"@id\":\"https:\/\/perarose.com\/#organization\",\"name\":\"Pera Rose Hotel\",\"url\":\"https:\/\/perarose.com\/\",\"logo\":{\"@type\":\"ImageObject\",\"inLanguage\":\"tr\",\"@id\":\"https:\/\/perarose.com\/#\/schema\/logo\/image\/\",\"url\":\"https:\/\/perarose.com\/wp-content\/uploads\/2021\/07\/pera-rose-otel.png\",\"contentUrl\":\"https:\/\/perarose.com\/wp-content\/uploads\/2021\/07\/pera-rose-otel.png\",\"width\":120,\"height\":70,\"caption\":\"Pera Rose Hotel\"},\"image\":{\"@id\":\"https:\/\/perarose.com\/#\/schema\/logo\/image\/\"}}]}<\/script>\n<!-- \/ Yoast SEO Premium plugin. -->","yoast_head_json":{"title":"Lokasyon - Pera Rose Hotel","robots":{"index":"index","follow":"follow","max-snippet":"max-snippet:-1","max-image-preview":"max-image-preview:large","max-video-preview":"max-video-preview:-1"},"canonical":"https:\/\/perarose.com\/tr\/location\/","og_locale":"tr_TR","og_type":"article","og_title":"Lokasyon","og_description":"Lokasyon Pera Rose Hotel Galata Kulesi&#8217;ne birka\u00e7 dakika mesafede, Taksim Meydan\u0131&#8217;na sadece sekiz dakika, Tunnel\u2019e (tarihi metro)30 metre yani 2 dakika uzakl\u0131ktad\u0131r. Bu yer sizin i\u00e7in tarihe, e\u011flenceye, al\u0131\u015fveri\u015fe, benzersiz renkli g\u00fcnler ve parlak sonsuz gecelere gizemli bir yolculuk olacakt\u0131r.","og_url":"https:\/\/perarose.com\/tr\/location\/","og_site_name":"Pera Rose Hotel","article_modified_time":"2021-07-07T14:06:15+00:00","og_image":[{"url":"http:\/\/perarose.com\/wp-content\/uploads\/2021\/07\/pera-rose-location.jpg","type":"","width":"","height":""}],"twitter_card":"summary_large_image","schema":{"@context":"https:\/\/schema.org","@graph":[{"@type":"WebPage","@id":"https:\/\/perarose.com\/tr\/location\/","url":"https:\/\/perarose.com\/tr\/location\/","name":"Lokasyon - Pera Rose Hotel","isPartOf":{"@id":"https:\/\/perarose.com\/#website"},"primaryImageOfPage":{"@id":"https:\/\/perarose.com\/tr\/location\/#primaryimage"},"image":{"@id":"https:\/\/perarose.com\/tr\/location\/#primaryimage"},"thumbnailUrl":"http:\/\/perarose.com\/wp-content\/uploads\/2021\/07\/pera-rose-location.jpg","datePublished":"2021-07-07T14:02:55+00:00","dateModified":"2021-07-07T14:06:15+00:00","breadcrumb":{"@id":"https:\/\/perarose.com\/tr\/location\/#breadcrumb"},"inLanguage":"tr","potentialAction":[{"@type":"ReadAction","target":["https:\/\/perarose.com\/tr\/location\/"]}]},{"@type":"ImageObject","inLanguage":"tr","@id":"https:\/\/perarose.com\/tr\/location\/#primaryimage","url":"http:\/\/perarose.com\/wp-content\/uploads\/2021\/07\/pera-rose-location.jpg","contentUrl":"http:\/\/perarose.com\/wp-content\/uploads\/2021\/07\/pera-rose-location.jpg"},{"@type":"BreadcrumbList","@id":"https:\/\/perarose.com\/tr\/location\/#breadcrumb","itemListElement":[{"@type":"ListItem","position":1,"name":"Home","item":"https:\/\/perarose.com\/"},{"@type":"ListItem","position":2,"name":"Lokasyon"}]},{"@type":"WebSite","@id":"https:\/\/perarose.com\/#website","url":"https:\/\/perarose.com\/","name":"Pera Rose Hotel","description":"\u0130stanbul Taksim","publisher":{"@id":"https:\/\/perarose.com\/#organization"},"potentialAction":[{"@type":"SearchAction","target":{"@type":"EntryPoint","urlTemplate":"https:\/\/perarose.com\/?s={search_term_string}"},"query-input":{"@type":"PropertyValueSpecification","valueRequired":true,"valueName":"search_term_string"}}],"inLanguage":"tr"},{"@type":"Organization","@id":"https:\/\/perarose.com\/#organization","name":"Pera Rose Hotel","url":"https:\/\/perarose.com\/","logo":{"@type":"ImageObject","inLanguage":"tr","@id":"https:\/\/perarose.com\/#\/schema\/logo\/image\/","url":"https:\/\/perarose.com\/wp-content\/uploads\/2021\/07\/pera-rose-otel.png","contentUrl":"https:\/\/perarose.com\/wp-content\/uploads\/2021\/07\/pera-rose-otel.png","width":120,"height":70,"caption":"Pera Rose Hotel"},"image":{"@id":"https:\/\/perarose.com\/#\/schema\/logo\/image\/"}}]}},"_links":{"self":[{"href":"https:\/\/perarose.com\/tr\/wp-json\/wp\/v2\/pages\/923","targetHints":{"allow":["GET"]}}],"collection":[{"href":"https:\/\/perarose.com\/tr\/wp-json\/wp\/v2\/pages"}],"about":[{"href":"https:\/\/perarose.com\/tr\/wp-json\/wp\/v2\/types\/page"}],"author":[{"embeddable":true,"href":"https:\/\/perarose.com\/tr\/wp-json\/wp\/v2\/users\/1"}],"replies":[{"embeddable":true,"href":"https:\/\/perarose.com\/tr\/wp-json\/wp\/v2\/comments?post=923"}],"version-history":[{"count":4,"href":"https:\/\/perarose.com\/tr\/wp-json\/wp\/v2\/pages\/923\/revisions"}],"predecessor-version":[{"id":927,"href":"https:\/\/perarose.com\/tr\/wp-json\/wp\/v2\/pages\/923\/revisions\/927"}],"wp:attachment":[{"href":"https:\/\/perarose.com\/tr\/wp-json\/wp\/v2\/media?parent=923"}],"curies":[{"name":"wp","href":"https:\/\/api.w.org\/{rel}","templated":true}]}}