{"id":899,"date":"2021-07-07T13:31:11","date_gmt":"2021-07-07T13:31:11","guid":{"rendered":"http:\/\/perarose.com\/landmarks\/"},"modified":"2021-07-07T13:58:10","modified_gmt":"2021-07-07T13:58:10","slug":"landmarks","status":"publish","type":"page","link":"https:\/\/perarose.com\/tr\/landmarks\/","title":{"rendered":"Gezilebilecek Yerler"},"content":{"rendered":"\t\t<div data-elementor-type=\"wp-page\" data-elementor-id=\"899\" class=\"elementor elementor-899 elementor-843\" data-elementor-post-type=\"page\">\n\t\t\t\t\t\t<section class=\"elementor-section elementor-top-section elementor-element elementor-element-7e3321d elementor-section-boxed elementor-section-height-default elementor-section-height-default\" data-id=\"7e3321d\" data-element_type=\"section\">\n\t\t\t\t\t\t<div class=\"elementor-container elementor-column-gap-default\">\n\t\t\t\t\t<div class=\"elementor-column elementor-col-100 elementor-top-column elementor-element elementor-element-9d4b1b2\" data-id=\"9d4b1b2\" data-element_type=\"column\">\n\t\t\t<div class=\"elementor-widget-wrap elementor-element-populated\">\n\t\t\t\t\t\t<div class=\"elementor-element elementor-element-a87a709 elementor-widget elementor-widget-heading\" data-id=\"a87a709\" data-element_type=\"widget\" data-widget_type=\"heading.default\">\n\t\t\t\t<div class=\"elementor-widget-container\">\n\t\t\t\t\t<h1 class=\"elementor-heading-title elementor-size-default\">Gezilebilecek Yerler<\/h1>\t\t\t\t<\/div>\n\t\t\t\t<\/div>\n\t\t\t\t\t<\/div>\n\t\t<\/div>\n\t\t\t\t\t<\/div>\n\t\t<\/section>\n\t\t\t\t<section class=\"elementor-section elementor-top-section elementor-element elementor-element-f287130 elementor-section-boxed elementor-section-height-default elementor-section-height-default\" data-id=\"f287130\" data-element_type=\"section\">\n\t\t\t\t\t\t<div class=\"elementor-container elementor-column-gap-default\">\n\t\t\t\t\t<div class=\"elementor-column elementor-col-100 elementor-top-column elementor-element elementor-element-046ff7c\" data-id=\"046ff7c\" data-element_type=\"column\">\n\t\t\t<div class=\"elementor-widget-wrap elementor-element-populated\">\n\t\t\t\t\t\t<div class=\"elementor-element elementor-element-df68485 elementor-grid-2 elementor-grid-tablet-2 elementor-grid-mobile-1 elementor-posts--thumbnail-top elementor-widget elementor-widget-posts\" data-id=\"df68485\" data-element_type=\"widget\" data-settings=\"{&quot;classic_columns&quot;:&quot;2&quot;,&quot;classic_columns_tablet&quot;:&quot;2&quot;,&quot;classic_columns_mobile&quot;:&quot;1&quot;,&quot;classic_row_gap&quot;:{&quot;unit&quot;:&quot;px&quot;,&quot;size&quot;:35,&quot;sizes&quot;:[]},&quot;classic_row_gap_tablet&quot;:{&quot;unit&quot;:&quot;px&quot;,&quot;size&quot;:&quot;&quot;,&quot;sizes&quot;:[]},&quot;classic_row_gap_mobile&quot;:{&quot;unit&quot;:&quot;px&quot;,&quot;size&quot;:&quot;&quot;,&quot;sizes&quot;:[]}}\" data-widget_type=\"posts.classic\">\n\t\t\t\t<div class=\"elementor-widget-container\">\n\t\t\t\t\t\t\t<div class=\"elementor-posts-container elementor-posts elementor-posts--skin-classic elementor-grid\" role=\"list\">\n\t\t\t\t<article class=\"elementor-post elementor-grid-item post-854 post type-post status-publish format-standard has-post-thumbnail hentry category-landmarks-tr tag-landmarks-tr\" role=\"listitem\">\n\t\t\t\t<a class=\"elementor-post__thumbnail__link\" href=\"https:\/\/perarose.com\/tr\/maidens-tower\/\" tabindex=\"-1\" >\n\t\t\t<div class=\"elementor-post__thumbnail\"><img fetchpriority=\"high\" decoding=\"async\" width=\"1200\" height=\"800\" src=\"https:\/\/perarose.com\/wp-content\/uploads\/2024\/05\/Kiz-Kulesi-Pera-Rose-Hotel.jpg\" class=\"attachment-full size-full wp-image-1546\" alt=\"K\u0131z Kulesi - Pera Rose Hotel\" srcset=\"https:\/\/perarose.com\/wp-content\/uploads\/2024\/05\/Kiz-Kulesi-Pera-Rose-Hotel.jpg 1200w, https:\/\/perarose.com\/wp-content\/uploads\/2024\/05\/Kiz-Kulesi-Pera-Rose-Hotel-300x200.jpg 300w, https:\/\/perarose.com\/wp-content\/uploads\/2024\/05\/Kiz-Kulesi-Pera-Rose-Hotel-1024x683.jpg 1024w, https:\/\/perarose.com\/wp-content\/uploads\/2024\/05\/Kiz-Kulesi-Pera-Rose-Hotel-768x512.jpg 768w\" sizes=\"(max-width: 1200px) 100vw, 1200px\" \/><\/div>\n\t\t<\/a>\n\t\t\t\t<div class=\"elementor-post__text\">\n\t\t\t\t<h3 class=\"elementor-post__title\">\n\t\t\t<a href=\"https:\/\/perarose.com\/tr\/maidens-tower\/\" >\n\t\t\t\tK\u0131z Kulesi\t\t\t<\/a>\n\t\t<\/h3>\n\t\t\t\t<div class=\"elementor-post__excerpt\">\n\t\t\t<p>T\u00fcrk\u00e7e ismi ile K\u0131z Kulesi, antik Yunan ve orta\u00e7a\u011f Bizans d\u00f6nemlerinde Leander Kulesi olarak da bilinmektedir ve \u0130stanbul\u2019un \u00dcsk\u00fcdar k\u0131yalar\u0131nda olan \u0130stanbul Bo\u011faz\u0131nda k\u00fc\u00e7\u00fck bir<\/p>\n\t\t<\/div>\n\t\t\n\t\t<a class=\"elementor-post__read-more\" href=\"https:\/\/perarose.com\/tr\/maidens-tower\/\" aria-label=\"Read more about K\u0131z Kulesi\" tabindex=\"-1\" >\n\t\t\tRead More \u00bb\t\t<\/a>\n\n\t\t\t\t<\/div>\n\t\t\t\t<\/article>\n\t\t\t\t<article class=\"elementor-post elementor-grid-item post-858 post type-post status-publish format-standard has-post-thumbnail hentry category-landmarks-tr\" role=\"listitem\">\n\t\t\t\t<a class=\"elementor-post__thumbnail__link\" href=\"https:\/\/perarose.com\/tr\/the-galata-tower\/\" tabindex=\"-1\" >\n\t\t\t<div class=\"elementor-post__thumbnail\"><img decoding=\"async\" width=\"1125\" height=\"750\" src=\"https:\/\/perarose.com\/wp-content\/uploads\/2024\/05\/Galata-Kulesi-Istanbul-Taksim.webp\" class=\"attachment-full size-full wp-image-1548\" alt=\"\" srcset=\"https:\/\/perarose.com\/wp-content\/uploads\/2024\/05\/Galata-Kulesi-Istanbul-Taksim.webp 1125w, https:\/\/perarose.com\/wp-content\/uploads\/2024\/05\/Galata-Kulesi-Istanbul-Taksim-300x200.webp 300w, https:\/\/perarose.com\/wp-content\/uploads\/2024\/05\/Galata-Kulesi-Istanbul-Taksim-1024x683.webp 1024w, https:\/\/perarose.com\/wp-content\/uploads\/2024\/05\/Galata-Kulesi-Istanbul-Taksim-768x512.webp 768w\" sizes=\"(max-width: 1125px) 100vw, 1125px\" \/><\/div>\n\t\t<\/a>\n\t\t\t\t<div class=\"elementor-post__text\">\n\t\t\t\t<h3 class=\"elementor-post__title\">\n\t\t\t<a href=\"https:\/\/perarose.com\/tr\/the-galata-tower\/\" >\n\t\t\t\tGalata Kulesi\t\t\t<\/a>\n\t\t<\/h3>\n\t\t\t\t<div class=\"elementor-post__excerpt\">\n\t\t\t<p>\u0130stanbul\u2019da Hali\u00e7\u2019in kuzeyinde bulunan, T\u00fcrk\u00e7e de Galata Kulesi olarak an\u0131lan kule, Bizans zaman\u0131nda Ceneviz ve Megalos Pyrgos taraf\u0131ndan \u0130sa&#8217;n\u0131n Kulesi olarak da bilinirdi. Galata Kulesi<\/p>\n\t\t<\/div>\n\t\t\n\t\t<a class=\"elementor-post__read-more\" href=\"https:\/\/perarose.com\/tr\/the-galata-tower\/\" aria-label=\"Read more about Galata Kulesi\" tabindex=\"-1\" >\n\t\t\tRead More \u00bb\t\t<\/a>\n\n\t\t\t\t<\/div>\n\t\t\t\t<\/article>\n\t\t\t\t<article class=\"elementor-post elementor-grid-item post-862 post type-post status-publish format-standard has-post-thumbnail hentry category-landmarks-tr\" role=\"listitem\">\n\t\t\t\t<a class=\"elementor-post__thumbnail__link\" href=\"https:\/\/perarose.com\/tr\/hagia-sophia\/\" tabindex=\"-1\" >\n\t\t\t<div class=\"elementor-post__thumbnail\"><img decoding=\"async\" width=\"1200\" height=\"800\" src=\"https:\/\/perarose.com\/wp-content\/uploads\/2024\/05\/Ayasofya\u200b-Pera-Rose-Hotel-Taksim.jpg\" class=\"attachment-full size-full wp-image-1544\" alt=\"\" srcset=\"https:\/\/perarose.com\/wp-content\/uploads\/2024\/05\/Ayasofya\u200b-Pera-Rose-Hotel-Taksim.jpg 1200w, https:\/\/perarose.com\/wp-content\/uploads\/2024\/05\/Ayasofya\u200b-Pera-Rose-Hotel-Taksim-300x200.jpg 300w, https:\/\/perarose.com\/wp-content\/uploads\/2024\/05\/Ayasofya\u200b-Pera-Rose-Hotel-Taksim-1024x683.jpg 1024w, https:\/\/perarose.com\/wp-content\/uploads\/2024\/05\/Ayasofya\u200b-Pera-Rose-Hotel-Taksim-768x512.jpg 768w\" sizes=\"(max-width: 1200px) 100vw, 1200px\" \/><\/div>\n\t\t<\/a>\n\t\t\t\t<div class=\"elementor-post__text\">\n\t\t\t\t<h3 class=\"elementor-post__title\">\n\t\t\t<a href=\"https:\/\/perarose.com\/tr\/hagia-sophia\/\" >\n\t\t\t\tAyasofya\t\t\t<\/a>\n\t\t<\/h3>\n\t\t\t\t<div class=\"elementor-post__excerpt\">\n\t\t\t<p>T\u00fcrkiye\u2019de \u0130stanbul\u2019da bulunan Ayasofya (Kutsal Bilgelik, T\u00fcrk Ayasofya) \u00f6nce ataerkil bir bazilika, sonra bir cami, \u015fimdi ise bir m\u00fczedir. \u00dcnl\u00fc muazzam kubbe, Bizans mimarisinin bir<\/p>\n\t\t<\/div>\n\t\t\n\t\t<a class=\"elementor-post__read-more\" href=\"https:\/\/perarose.com\/tr\/hagia-sophia\/\" aria-label=\"Read more about Ayasofya\" tabindex=\"-1\" >\n\t\t\tRead More \u00bb\t\t<\/a>\n\n\t\t\t\t<\/div>\n\t\t\t\t<\/article>\n\t\t\t\t<article class=\"elementor-post elementor-grid-item post-866 post type-post status-publish format-standard has-post-thumbnail hentry category-landmarks-tr\" role=\"listitem\">\n\t\t\t\t<a class=\"elementor-post__thumbnail__link\" href=\"https:\/\/perarose.com\/tr\/the-bosphorus-bridge\/\" tabindex=\"-1\" >\n\t\t\t<div class=\"elementor-post__thumbnail\"><img loading=\"lazy\" decoding=\"async\" width=\"1200\" height=\"800\" src=\"https:\/\/perarose.com\/wp-content\/uploads\/2024\/05\/Istanbul-Bogazi-Pera-Rose-Hotel-Istanbul.jpg\" class=\"attachment-full size-full wp-image-1542\" alt=\"\" srcset=\"https:\/\/perarose.com\/wp-content\/uploads\/2024\/05\/Istanbul-Bogazi-Pera-Rose-Hotel-Istanbul.jpg 1200w, https:\/\/perarose.com\/wp-content\/uploads\/2024\/05\/Istanbul-Bogazi-Pera-Rose-Hotel-Istanbul-300x200.jpg 300w, https:\/\/perarose.com\/wp-content\/uploads\/2024\/05\/Istanbul-Bogazi-Pera-Rose-Hotel-Istanbul-1024x683.jpg 1024w, https:\/\/perarose.com\/wp-content\/uploads\/2024\/05\/Istanbul-Bogazi-Pera-Rose-Hotel-Istanbul-768x512.jpg 768w\" sizes=\"(max-width: 1200px) 100vw, 1200px\" \/><\/div>\n\t\t<\/a>\n\t\t\t\t<div class=\"elementor-post__text\">\n\t\t\t\t<h3 class=\"elementor-post__title\">\n\t\t\t<a href=\"https:\/\/perarose.com\/tr\/the-bosphorus-bridge\/\" >\n\t\t\t\t\u0130stanbul Bo\u011faz\u0131\t\t\t<\/a>\n\t\t<\/h3>\n\t\t\t\t<div class=\"elementor-post__excerpt\">\n\t\t\t<p>Bo\u011faz K\u00f6pr\u00fcs\u00fc ayr\u0131ca 1.Bo\u011fazi\u00e7i K\u00f6pr\u00fcs\u00fc olarak da bilinir ve T\u00fcrkiye bo\u011faz\u0131na yay\u0131lan bir k\u00f6r\u00fcd\u00fcr. K\u00f6pr\u00fc, Ortak\u00f6y (Avrupa yakas\u0131) ve Beylerbeyi (Asya taraf\u0131) aras\u0131nda yer almaktad\u0131r.<\/p>\n\t\t<\/div>\n\t\t\n\t\t<a class=\"elementor-post__read-more\" href=\"https:\/\/perarose.com\/tr\/the-bosphorus-bridge\/\" aria-label=\"Read more about \u0130stanbul Bo\u011faz\u0131\" tabindex=\"-1\" >\n\t\t\tRead More \u00bb\t\t<\/a>\n\n\t\t\t\t<\/div>\n\t\t\t\t<\/article>\n\t\t\t\t<\/div>\n\t\t\n\t\t\t\t\t\t<\/div>\n\t\t\t\t<\/div>\n\t\t\t\t\t<\/div>\n\t\t<\/div>\n\t\t\t\t\t<\/div>\n\t\t<\/section>\n\t\t\t\t<\/div>\n\t\t","protected":false},"excerpt":{"rendered":"<p>Gezilebilecek Yerler<\/p>\n","protected":false},"author":1,"featured_media":0,"parent":0,"menu_order":0,"comment_status":"closed","ping_status":"closed","template":"","meta":{"footnotes":""},"class_list":["post-899","page","type-page","status-publish","hentry"],"yoast_head":"<!-- This site is optimized with the Yoast SEO Premium plugin v22.5 (Yoast SEO v26.6) - https:\/\/yoast.com\/wordpress\/plugins\/seo\/ -->\n<title>Gezilebilecek Yerler - Pera Rose Hotel<\/title>\n<meta name=\"robots\" content=\"index, follow, max-snippet:-1, max-image-preview:large, max-video-preview:-1\" \/>\n<link rel=\"canonical\" href=\"https:\/\/perarose.com\/tr\/landmarks\/\" \/>\n<meta property=\"og:locale\" content=\"tr_TR\" \/>\n<meta property=\"og:type\" content=\"article\" \/>\n<meta property=\"og:title\" content=\"Gezilebilecek Yerler\" \/>\n<meta property=\"og:description\" content=\"Gezilebilecek Yerler\" \/>\n<meta property=\"og:url\" content=\"https:\/\/perarose.com\/tr\/landmarks\/\" \/>\n<meta property=\"og:site_name\" content=\"Pera Rose Hotel\" \/>\n<meta property=\"article:modified_time\" content=\"2021-07-07T13:58:10+00:00\" \/>\n<meta name=\"twitter:card\" content=\"summary_large_image\" \/>\n<script type=\"application\/ld+json\" class=\"yoast-schema-graph\">{\"@context\":\"https:\/\/schema.org\",\"@graph\":[{\"@type\":\"WebPage\",\"@id\":\"https:\/\/perarose.com\/tr\/landmarks\/\",\"url\":\"https:\/\/perarose.com\/tr\/landmarks\/\",\"name\":\"Gezilebilecek Yerler - Pera Rose Hotel\",\"isPartOf\":{\"@id\":\"https:\/\/perarose.com\/#website\"},\"datePublished\":\"2021-07-07T13:31:11+00:00\",\"dateModified\":\"2021-07-07T13:58:10+00:00\",\"breadcrumb\":{\"@id\":\"https:\/\/perarose.com\/tr\/landmarks\/#breadcrumb\"},\"inLanguage\":\"tr\",\"potentialAction\":[{\"@type\":\"ReadAction\",\"target\":[\"https:\/\/perarose.com\/tr\/landmarks\/\"]}]},{\"@type\":\"BreadcrumbList\",\"@id\":\"https:\/\/perarose.com\/tr\/landmarks\/#breadcrumb\",\"itemListElement\":[{\"@type\":\"ListItem\",\"position\":1,\"name\":\"Home\",\"item\":\"https:\/\/perarose.com\/\"},{\"@type\":\"ListItem\",\"position\":2,\"name\":\"Gezilebilecek Yerler\"}]},{\"@type\":\"WebSite\",\"@id\":\"https:\/\/perarose.com\/#website\",\"url\":\"https:\/\/perarose.com\/\",\"name\":\"Pera Rose Hotel\",\"description\":\"\u0130stanbul Taksim\",\"publisher\":{\"@id\":\"https:\/\/perarose.com\/#organization\"},\"potentialAction\":[{\"@type\":\"SearchAction\",\"target\":{\"@type\":\"EntryPoint\",\"urlTemplate\":\"https:\/\/perarose.com\/?s={search_term_string}\"},\"query-input\":{\"@type\":\"PropertyValueSpecification\",\"valueRequired\":true,\"valueName\":\"search_term_string\"}}],\"inLanguage\":\"tr\"},{\"@type\":\"Organization\",\"@id\":\"https:\/\/perarose.com\/#organization\",\"name\":\"Pera Rose Hotel\",\"url\":\"https:\/\/perarose.com\/\",\"logo\":{\"@type\":\"ImageObject\",\"inLanguage\":\"tr\",\"@id\":\"https:\/\/perarose.com\/#\/schema\/logo\/image\/\",\"url\":\"https:\/\/perarose.com\/wp-content\/uploads\/2021\/07\/pera-rose-otel.png\",\"contentUrl\":\"https:\/\/perarose.com\/wp-content\/uploads\/2021\/07\/pera-rose-otel.png\",\"width\":120,\"height\":70,\"caption\":\"Pera Rose Hotel\"},\"image\":{\"@id\":\"https:\/\/perarose.com\/#\/schema\/logo\/image\/\"}}]}<\/script>\n<!-- \/ Yoast SEO Premium plugin. -->","yoast_head_json":{"title":"Gezilebilecek Yerler - Pera Rose Hotel","robots":{"index":"index","follow":"follow","max-snippet":"max-snippet:-1","max-image-preview":"max-image-preview:large","max-video-preview":"max-video-preview:-1"},"canonical":"https:\/\/perarose.com\/tr\/landmarks\/","og_locale":"tr_TR","og_type":"article","og_title":"Gezilebilecek Yerler","og_description":"Gezilebilecek Yerler","og_url":"https:\/\/perarose.com\/tr\/landmarks\/","og_site_name":"Pera Rose Hotel","article_modified_time":"2021-07-07T13:58:10+00:00","twitter_card":"summary_large_image","schema":{"@context":"https:\/\/schema.org","@graph":[{"@type":"WebPage","@id":"https:\/\/perarose.com\/tr\/landmarks\/","url":"https:\/\/perarose.com\/tr\/landmarks\/","name":"Gezilebilecek Yerler - Pera Rose Hotel","isPartOf":{"@id":"https:\/\/perarose.com\/#website"},"datePublished":"2021-07-07T13:31:11+00:00","dateModified":"2021-07-07T13:58:10+00:00","breadcrumb":{"@id":"https:\/\/perarose.com\/tr\/landmarks\/#breadcrumb"},"inLanguage":"tr","potentialAction":[{"@type":"ReadAction","target":["https:\/\/perarose.com\/tr\/landmarks\/"]}]},{"@type":"BreadcrumbList","@id":"https:\/\/perarose.com\/tr\/landmarks\/#breadcrumb","itemListElement":[{"@type":"ListItem","position":1,"name":"Home","item":"https:\/\/perarose.com\/"},{"@type":"ListItem","position":2,"name":"Gezilebilecek Yerler"}]},{"@type":"WebSite","@id":"https:\/\/perarose.com\/#website","url":"https:\/\/perarose.com\/","name":"Pera Rose Hotel","description":"\u0130stanbul Taksim","publisher":{"@id":"https:\/\/perarose.com\/#organization"},"potentialAction":[{"@type":"SearchAction","target":{"@type":"EntryPoint","urlTemplate":"https:\/\/perarose.com\/?s={search_term_string}"},"query-input":{"@type":"PropertyValueSpecification","valueRequired":true,"valueName":"search_term_string"}}],"inLanguage":"tr"},{"@type":"Organization","@id":"https:\/\/perarose.com\/#organization","name":"Pera Rose Hotel","url":"https:\/\/perarose.com\/","logo":{"@type":"ImageObject","inLanguage":"tr","@id":"https:\/\/perarose.com\/#\/schema\/logo\/image\/","url":"https:\/\/perarose.com\/wp-content\/uploads\/2021\/07\/pera-rose-otel.png","contentUrl":"https:\/\/perarose.com\/wp-content\/uploads\/2021\/07\/pera-rose-otel.png","width":120,"height":70,"caption":"Pera Rose Hotel"},"image":{"@id":"https:\/\/perarose.com\/#\/schema\/logo\/image\/"}}]}},"_links":{"self":[{"href":"https:\/\/perarose.com\/tr\/wp-json\/wp\/v2\/pages\/899","targetHints":{"allow":["GET"]}}],"collection":[{"href":"https:\/\/perarose.com\/tr\/wp-json\/wp\/v2\/pages"}],"about":[{"href":"https:\/\/perarose.com\/tr\/wp-json\/wp\/v2\/types\/page"}],"author":[{"embeddable":true,"href":"https:\/\/perarose.com\/tr\/wp-json\/wp\/v2\/users\/1"}],"replies":[{"embeddable":true,"href":"https:\/\/perarose.com\/tr\/wp-json\/wp\/v2\/comments?post=899"}],"version-history":[{"count":7,"href":"https:\/\/perarose.com\/tr\/wp-json\/wp\/v2\/pages\/899\/revisions"}],"predecessor-version":[{"id":910,"href":"https:\/\/perarose.com\/tr\/wp-json\/wp\/v2\/pages\/899\/revisions\/910"}],"wp:attachment":[{"href":"https:\/\/perarose.com\/tr\/wp-json\/wp\/v2\/media?parent=899"}],"curies":[{"name":"wp","href":"https:\/\/api.w.org\/{rel}","templated":true}]}}