{"id":2421,"date":"2025-11-13T08:02:17","date_gmt":"2025-11-13T08:02:17","guid":{"rendered":"https:\/\/perarose.com\/surdurulebilirlik-politikamiz\/"},"modified":"2025-11-13T08:11:31","modified_gmt":"2025-11-13T08:11:31","slug":"surdurulebilirlik-politikamiz","status":"publish","type":"page","link":"https:\/\/perarose.com\/tr\/surdurulebilirlik-politikamiz\/","title":{"rendered":"S\u00fcrd\u00fcr\u00fclebilirlik Politikam\u0131z"},"content":{"rendered":"\n<p><a href=\"https:\/\/perarose.com\/wp-content\/uploads\/2023\/12\/Sustainable-Tourism-Verification3.pdf\" target=\"_blank\" rel=\"noreferrer noopener\">PERA ROSE S\u00dcRD\u00dcR\u00dcLEB\u0130L\u0130RL\u0130K Y\u00d6NET\u0130M S\u0130STEM\u0130 2024 Politikam\u0131z\u0131 G\u00f6r\u00fcnt\u00fclemek \u0130\u00e7in T\u0131klay\u0131n\u0131z<\/a><\/p>\n\n\n\n<p>\u00c7evreye ve topluma sayg\u0131l\u0131 bir i\u015fletme olarak, gezegenimizin gelece\u011fini korumak i\u00e7in s\u00fcrd\u00fcr\u00fclebilirlik prensiplerine ba\u011fl\u0131 hareket ediyoruz. Amac\u0131m\u0131z; do\u011fal kaynaklar\u0131 bilin\u00e7li kullanmak, \u00e7evresel etkilerimizi azaltmak ve yerel topluluklar\u0131 destekleyerek de\u011fer yaratmakt\u0131r.<\/p>\n\n\n\n<p>Enerji ve su tasarrufu sa\u011flamak i\u00e7in yenilik\u00e7i teknolojiler kullan\u0131yoruz, at\u0131k y\u00f6netimini optimize ediyor ve geri d\u00f6n\u00fc\u015f\u00fcm s\u00fcre\u00e7lerine \u00f6nem veriyoruz. Plastik kullan\u0131m\u0131n\u0131 en aza indirirken, misafirlerimizin de bu s\u00fcrece kat\u0131lmalar\u0131 i\u00e7in te\u015fvik edici y\u00f6ntemler sunuyoruz. Bu \u00e7abalar\u0131m\u0131z sayesinde daha ye\u015fil ve ya\u015fanabilir bir d\u00fcnya yaratmay\u0131 hedefliyoruz.<\/p>\n\n\n\n<p>Ayr\u0131ca, yerel k\u00fclt\u00fcre ve ekonomiye katk\u0131da bulunmak i\u00e7in yerel \u00fcreticilerle i\u015f birli\u011fi yap\u0131yor, b\u00f6lgemizdeki topluluklarla g\u00fc\u00e7l\u00fc ba\u011flar kuruyoruz. S\u00fcrd\u00fcr\u00fclebilir turizm anlay\u0131\u015f\u0131m\u0131z\u0131 geli\u015ftirirken, misafirlerimizin de bu s\u00fcre\u00e7te aktif bir rol almalar\u0131n\u0131 istiyor ve onlar\u0131n deste\u011fiyle daha anlaml\u0131 sonu\u00e7lara ula\u015fabilece\u011fimize inan\u0131yoruz.<\/p>\n\n\n\n<p><strong>S\u00fcrd\u00fcr\u00fclebilirlik Kapsam\u0131ndaki Ba\u011f\u0131\u015flar\u0131m\u0131z<\/strong><br><\/p>\n\n\n\n<figure class=\"wp-block-image size-full\"><img fetchpriority=\"high\" decoding=\"async\" width=\"966\" height=\"602\" src=\"https:\/\/perarose.com\/wp-content\/uploads\/2025\/11\/haytap-rose.jpg\" alt=\"\" class=\"wp-image-2418\" srcset=\"https:\/\/perarose.com\/wp-content\/uploads\/2025\/11\/haytap-rose.jpg 966w, https:\/\/perarose.com\/wp-content\/uploads\/2025\/11\/haytap-rose-300x187.jpg 300w, https:\/\/perarose.com\/wp-content\/uploads\/2025\/11\/haytap-rose-768x479.jpg 768w\" sizes=\"(max-width: 966px) 100vw, 966px\" \/><\/figure>\n\n\n\n<figure class=\"wp-block-image size-large\"><img decoding=\"async\" width=\"722\" height=\"1024\" src=\"https:\/\/perarose.com\/wp-content\/uploads\/2025\/11\/ROSE-TEMA-722x1024.jpg\" alt=\"\" class=\"wp-image-2413\" srcset=\"https:\/\/perarose.com\/wp-content\/uploads\/2025\/11\/ROSE-TEMA-722x1024.jpg 722w, https:\/\/perarose.com\/wp-content\/uploads\/2025\/11\/ROSE-TEMA-212x300.jpg 212w, https:\/\/perarose.com\/wp-content\/uploads\/2025\/11\/ROSE-TEMA-768x1089.jpg 768w, https:\/\/perarose.com\/wp-content\/uploads\/2025\/11\/ROSE-TEMA-1083x1536.jpg 1083w, https:\/\/perarose.com\/wp-content\/uploads\/2025\/11\/ROSE-TEMA-1444x2048.jpg 1444w, https:\/\/perarose.com\/wp-content\/uploads\/2025\/11\/ROSE-TEMA.jpg 1750w\" sizes=\"(max-width: 722px) 100vw, 722px\" \/><\/figure>\n","protected":false},"excerpt":{"rendered":"<p>PERA ROSE S\u00dcRD\u00dcR\u00dcLEB\u0130L\u0130RL\u0130K Y\u00d6NET\u0130M S\u0130STEM\u0130 2024 Politikam\u0131z\u0131 G\u00f6r\u00fcnt\u00fclemek \u0130\u00e7in T\u0131klay\u0131n\u0131z \u00c7evreye ve topluma sayg\u0131l\u0131 bir i\u015fletme olarak, gezegenimizin gelece\u011fini korumak i\u00e7in s\u00fcrd\u00fcr\u00fclebilirlik prensiplerine ba\u011fl\u0131 hareket ediyoruz. Amac\u0131m\u0131z; do\u011fal kaynaklar\u0131 bilin\u00e7li kullanmak, \u00e7evresel etkilerimizi azaltmak ve yerel topluluklar\u0131 destekleyerek de\u011fer yaratmakt\u0131r. Enerji ve su tasarrufu sa\u011flamak i\u00e7in yenilik\u00e7i teknolojiler kullan\u0131yoruz, at\u0131k y\u00f6netimini optimize ediyor ve geri [&hellip;]<\/p>\n","protected":false},"author":1,"featured_media":0,"parent":0,"menu_order":0,"comment_status":"closed","ping_status":"closed","template":"","meta":{"footnotes":""},"class_list":["post-2421","page","type-page","status-publish","hentry"],"yoast_head":"<!-- This site is optimized with the Yoast SEO Premium plugin v22.5 (Yoast SEO v26.6) - https:\/\/yoast.com\/wordpress\/plugins\/seo\/ -->\n<title>S\u00fcrd\u00fcr\u00fclebilirlik Politikam\u0131z - Pera Rose Hotel<\/title>\n<meta name=\"robots\" content=\"index, follow, max-snippet:-1, max-image-preview:large, max-video-preview:-1\" \/>\n<link rel=\"canonical\" href=\"https:\/\/perarose.com\/tr\/surdurulebilirlik-politikamiz\/\" \/>\n<meta property=\"og:locale\" content=\"tr_TR\" \/>\n<meta property=\"og:type\" content=\"article\" \/>\n<meta property=\"og:title\" content=\"S\u00fcrd\u00fcr\u00fclebilirlik Politikam\u0131z\" \/>\n<meta property=\"og:description\" content=\"PERA ROSE S\u00dcRD\u00dcR\u00dcLEB\u0130L\u0130RL\u0130K Y\u00d6NET\u0130M S\u0130STEM\u0130 2024 Politikam\u0131z\u0131 G\u00f6r\u00fcnt\u00fclemek \u0130\u00e7in T\u0131klay\u0131n\u0131z \u00c7evreye ve topluma sayg\u0131l\u0131 bir i\u015fletme olarak, gezegenimizin gelece\u011fini korumak i\u00e7in s\u00fcrd\u00fcr\u00fclebilirlik prensiplerine ba\u011fl\u0131 hareket ediyoruz. Amac\u0131m\u0131z; do\u011fal kaynaklar\u0131 bilin\u00e7li kullanmak, \u00e7evresel etkilerimizi azaltmak ve yerel topluluklar\u0131 destekleyerek de\u011fer yaratmakt\u0131r. Enerji ve su tasarrufu sa\u011flamak i\u00e7in yenilik\u00e7i teknolojiler kullan\u0131yoruz, at\u0131k y\u00f6netimini optimize ediyor ve geri [&hellip;]\" \/>\n<meta property=\"og:url\" content=\"https:\/\/perarose.com\/tr\/surdurulebilirlik-politikamiz\/\" \/>\n<meta property=\"og:site_name\" content=\"Pera Rose Hotel\" \/>\n<meta property=\"article:modified_time\" content=\"2025-11-13T08:11:31+00:00\" \/>\n<meta property=\"og:image\" content=\"https:\/\/perarose.com\/wp-content\/uploads\/2025\/11\/haytap-rose.jpg\" \/>\n\t<meta property=\"og:image:width\" content=\"966\" \/>\n\t<meta property=\"og:image:height\" content=\"602\" \/>\n\t<meta property=\"og:image:type\" content=\"image\/jpeg\" \/>\n<meta name=\"twitter:card\" content=\"summary_large_image\" \/>\n<meta name=\"twitter:label1\" content=\"Tahmini okuma s\u00fcresi\" \/>\n\t<meta name=\"twitter:data1\" content=\"1 dakika\" \/>\n<script type=\"application\/ld+json\" class=\"yoast-schema-graph\">{\"@context\":\"https:\/\/schema.org\",\"@graph\":[{\"@type\":\"WebPage\",\"@id\":\"https:\/\/perarose.com\/tr\/surdurulebilirlik-politikamiz\/\",\"url\":\"https:\/\/perarose.com\/tr\/surdurulebilirlik-politikamiz\/\",\"name\":\"S\u00fcrd\u00fcr\u00fclebilirlik Politikam\u0131z - Pera Rose Hotel\",\"isPartOf\":{\"@id\":\"https:\/\/perarose.com\/#website\"},\"primaryImageOfPage\":{\"@id\":\"https:\/\/perarose.com\/tr\/surdurulebilirlik-politikamiz\/#primaryimage\"},\"image\":{\"@id\":\"https:\/\/perarose.com\/tr\/surdurulebilirlik-politikamiz\/#primaryimage\"},\"thumbnailUrl\":\"https:\/\/perarose.com\/wp-content\/uploads\/2025\/11\/haytap-rose.jpg\",\"datePublished\":\"2025-11-13T08:02:17+00:00\",\"dateModified\":\"2025-11-13T08:11:31+00:00\",\"breadcrumb\":{\"@id\":\"https:\/\/perarose.com\/tr\/surdurulebilirlik-politikamiz\/#breadcrumb\"},\"inLanguage\":\"tr\",\"potentialAction\":[{\"@type\":\"ReadAction\",\"target\":[\"https:\/\/perarose.com\/tr\/surdurulebilirlik-politikamiz\/\"]}]},{\"@type\":\"ImageObject\",\"inLanguage\":\"tr\",\"@id\":\"https:\/\/perarose.com\/tr\/surdurulebilirlik-politikamiz\/#primaryimage\",\"url\":\"https:\/\/perarose.com\/wp-content\/uploads\/2025\/11\/haytap-rose.jpg\",\"contentUrl\":\"https:\/\/perarose.com\/wp-content\/uploads\/2025\/11\/haytap-rose.jpg\"},{\"@type\":\"BreadcrumbList\",\"@id\":\"https:\/\/perarose.com\/tr\/surdurulebilirlik-politikamiz\/#breadcrumb\",\"itemListElement\":[{\"@type\":\"ListItem\",\"position\":1,\"name\":\"Home\",\"item\":\"https:\/\/perarose.com\/\"},{\"@type\":\"ListItem\",\"position\":2,\"name\":\"S\u00fcrd\u00fcr\u00fclebilirlik Politikam\u0131z\"}]},{\"@type\":\"WebSite\",\"@id\":\"https:\/\/perarose.com\/#website\",\"url\":\"https:\/\/perarose.com\/\",\"name\":\"Pera Rose Hotel\",\"description\":\"\u0130stanbul Taksim\",\"publisher\":{\"@id\":\"https:\/\/perarose.com\/#organization\"},\"potentialAction\":[{\"@type\":\"SearchAction\",\"target\":{\"@type\":\"EntryPoint\",\"urlTemplate\":\"https:\/\/perarose.com\/?s={search_term_string}\"},\"query-input\":{\"@type\":\"PropertyValueSpecification\",\"valueRequired\":true,\"valueName\":\"search_term_string\"}}],\"inLanguage\":\"tr\"},{\"@type\":\"Organization\",\"@id\":\"https:\/\/perarose.com\/#organization\",\"name\":\"Pera Rose Hotel\",\"url\":\"https:\/\/perarose.com\/\",\"logo\":{\"@type\":\"ImageObject\",\"inLanguage\":\"tr\",\"@id\":\"https:\/\/perarose.com\/#\/schema\/logo\/image\/\",\"url\":\"https:\/\/perarose.com\/wp-content\/uploads\/2021\/07\/pera-rose-otel.png\",\"contentUrl\":\"https:\/\/perarose.com\/wp-content\/uploads\/2021\/07\/pera-rose-otel.png\",\"width\":120,\"height\":70,\"caption\":\"Pera Rose Hotel\"},\"image\":{\"@id\":\"https:\/\/perarose.com\/#\/schema\/logo\/image\/\"}}]}<\/script>\n<!-- \/ Yoast SEO Premium plugin. -->","yoast_head_json":{"title":"S\u00fcrd\u00fcr\u00fclebilirlik Politikam\u0131z - Pera Rose Hotel","robots":{"index":"index","follow":"follow","max-snippet":"max-snippet:-1","max-image-preview":"max-image-preview:large","max-video-preview":"max-video-preview:-1"},"canonical":"https:\/\/perarose.com\/tr\/surdurulebilirlik-politikamiz\/","og_locale":"tr_TR","og_type":"article","og_title":"S\u00fcrd\u00fcr\u00fclebilirlik Politikam\u0131z","og_description":"PERA ROSE S\u00dcRD\u00dcR\u00dcLEB\u0130L\u0130RL\u0130K Y\u00d6NET\u0130M S\u0130STEM\u0130 2024 Politikam\u0131z\u0131 G\u00f6r\u00fcnt\u00fclemek \u0130\u00e7in T\u0131klay\u0131n\u0131z \u00c7evreye ve topluma sayg\u0131l\u0131 bir i\u015fletme olarak, gezegenimizin gelece\u011fini korumak i\u00e7in s\u00fcrd\u00fcr\u00fclebilirlik prensiplerine ba\u011fl\u0131 hareket ediyoruz. Amac\u0131m\u0131z; do\u011fal kaynaklar\u0131 bilin\u00e7li kullanmak, \u00e7evresel etkilerimizi azaltmak ve yerel topluluklar\u0131 destekleyerek de\u011fer yaratmakt\u0131r. Enerji ve su tasarrufu sa\u011flamak i\u00e7in yenilik\u00e7i teknolojiler kullan\u0131yoruz, at\u0131k y\u00f6netimini optimize ediyor ve geri [&hellip;]","og_url":"https:\/\/perarose.com\/tr\/surdurulebilirlik-politikamiz\/","og_site_name":"Pera Rose Hotel","article_modified_time":"2025-11-13T08:11:31+00:00","og_image":[{"width":966,"height":602,"url":"https:\/\/perarose.com\/wp-content\/uploads\/2025\/11\/haytap-rose.jpg","type":"image\/jpeg"}],"twitter_card":"summary_large_image","twitter_misc":{"Tahmini okuma s\u00fcresi":"1 dakika"},"schema":{"@context":"https:\/\/schema.org","@graph":[{"@type":"WebPage","@id":"https:\/\/perarose.com\/tr\/surdurulebilirlik-politikamiz\/","url":"https:\/\/perarose.com\/tr\/surdurulebilirlik-politikamiz\/","name":"S\u00fcrd\u00fcr\u00fclebilirlik Politikam\u0131z - Pera Rose Hotel","isPartOf":{"@id":"https:\/\/perarose.com\/#website"},"primaryImageOfPage":{"@id":"https:\/\/perarose.com\/tr\/surdurulebilirlik-politikamiz\/#primaryimage"},"image":{"@id":"https:\/\/perarose.com\/tr\/surdurulebilirlik-politikamiz\/#primaryimage"},"thumbnailUrl":"https:\/\/perarose.com\/wp-content\/uploads\/2025\/11\/haytap-rose.jpg","datePublished":"2025-11-13T08:02:17+00:00","dateModified":"2025-11-13T08:11:31+00:00","breadcrumb":{"@id":"https:\/\/perarose.com\/tr\/surdurulebilirlik-politikamiz\/#breadcrumb"},"inLanguage":"tr","potentialAction":[{"@type":"ReadAction","target":["https:\/\/perarose.com\/tr\/surdurulebilirlik-politikamiz\/"]}]},{"@type":"ImageObject","inLanguage":"tr","@id":"https:\/\/perarose.com\/tr\/surdurulebilirlik-politikamiz\/#primaryimage","url":"https:\/\/perarose.com\/wp-content\/uploads\/2025\/11\/haytap-rose.jpg","contentUrl":"https:\/\/perarose.com\/wp-content\/uploads\/2025\/11\/haytap-rose.jpg"},{"@type":"BreadcrumbList","@id":"https:\/\/perarose.com\/tr\/surdurulebilirlik-politikamiz\/#breadcrumb","itemListElement":[{"@type":"ListItem","position":1,"name":"Home","item":"https:\/\/perarose.com\/"},{"@type":"ListItem","position":2,"name":"S\u00fcrd\u00fcr\u00fclebilirlik Politikam\u0131z"}]},{"@type":"WebSite","@id":"https:\/\/perarose.com\/#website","url":"https:\/\/perarose.com\/","name":"Pera Rose Hotel","description":"\u0130stanbul Taksim","publisher":{"@id":"https:\/\/perarose.com\/#organization"},"potentialAction":[{"@type":"SearchAction","target":{"@type":"EntryPoint","urlTemplate":"https:\/\/perarose.com\/?s={search_term_string}"},"query-input":{"@type":"PropertyValueSpecification","valueRequired":true,"valueName":"search_term_string"}}],"inLanguage":"tr"},{"@type":"Organization","@id":"https:\/\/perarose.com\/#organization","name":"Pera Rose Hotel","url":"https:\/\/perarose.com\/","logo":{"@type":"ImageObject","inLanguage":"tr","@id":"https:\/\/perarose.com\/#\/schema\/logo\/image\/","url":"https:\/\/perarose.com\/wp-content\/uploads\/2021\/07\/pera-rose-otel.png","contentUrl":"https:\/\/perarose.com\/wp-content\/uploads\/2021\/07\/pera-rose-otel.png","width":120,"height":70,"caption":"Pera Rose Hotel"},"image":{"@id":"https:\/\/perarose.com\/#\/schema\/logo\/image\/"}}]}},"_links":{"self":[{"href":"https:\/\/perarose.com\/tr\/wp-json\/wp\/v2\/pages\/2421","targetHints":{"allow":["GET"]}}],"collection":[{"href":"https:\/\/perarose.com\/tr\/wp-json\/wp\/v2\/pages"}],"about":[{"href":"https:\/\/perarose.com\/tr\/wp-json\/wp\/v2\/types\/page"}],"author":[{"embeddable":true,"href":"https:\/\/perarose.com\/tr\/wp-json\/wp\/v2\/users\/1"}],"replies":[{"embeddable":true,"href":"https:\/\/perarose.com\/tr\/wp-json\/wp\/v2\/comments?post=2421"}],"version-history":[{"count":2,"href":"https:\/\/perarose.com\/tr\/wp-json\/wp\/v2\/pages\/2421\/revisions"}],"predecessor-version":[{"id":2426,"href":"https:\/\/perarose.com\/tr\/wp-json\/wp\/v2\/pages\/2421\/revisions\/2426"}],"wp:attachment":[{"href":"https:\/\/perarose.com\/tr\/wp-json\/wp\/v2\/media?parent=2421"}],"curies":[{"name":"wp","href":"https:\/\/api.w.org\/{rel}","templated":true}]}}