{"id":1371,"date":"2023-11-09T12:17:00","date_gmt":"2023-11-09T12:17:00","guid":{"rendered":"https:\/\/perarose.com\/documents\/"},"modified":"2023-12-14T12:21:40","modified_gmt":"2023-12-14T12:21:40","slug":"documents","status":"publish","type":"page","link":"https:\/\/perarose.com\/tr\/documents\/","title":{"rendered":"Belgeler"},"content":{"rendered":"<h1>Belgelerimiz<\/h1>\n<figure><a href=\"https:\/\/perarose.com\/wp-content\/uploads\/2023\/12\/Sustainable-Tourism-Verification3.pdf\" target=\"_blank\" tabindex=\"-1\" rel=\"noopener\"><img loading=\"lazy\" decoding=\"async\" width=\"1810\" height=\"2560\" src=\"https:\/\/perarose.com\/wp-content\/uploads\/2023\/12\/Sustainable-Tourism-Verification3-TR.jpg\" alt=\"\" loading=\"lazy\" \/><\/a><\/figure>\n<h3><a href=\"https:\/\/perarose.com\/wp-content\/uploads\/2023\/12\/Sustainable-Tourism-Verification3.pdf\" target=\"_blank\" rel=\"noopener\">S\u00fcrd\u00fcr\u00fclebilir Turizm Belgesi<\/a><\/h3>\n<figure><a href=\"https:\/\/perarose.com\/wp-content\/uploads\/2023\/11\/PERA-ROSE-Sera-Gazi-Envanter-Raporu.pdf\" target=\"_blank\" tabindex=\"-1\" rel=\"noopener\"><img loading=\"lazy\" decoding=\"async\" width=\"1765\" height=\"2470\" src=\"https:\/\/perarose.com\/wp-content\/uploads\/2023\/11\/PERA-ROSE-Sera-Gazi-Envanter-Raporu_Sayfa_01-1-scaled-e1699609070496.jpg\" alt=\"\" loading=\"lazy\" \/><\/a><\/figure>\n<h3><a href=\"https:\/\/perarose.com\/wp-content\/uploads\/2023\/11\/PERA-ROSE-Sera-Gazi-Envanter-Raporu.pdf\" target=\"_blank\" rel=\"noopener\">Greenhouse Gas Inventory Report<\/a><\/h3>\n<figure><a href=\"https:\/\/perarose.com\/wp-content\/uploads\/2021\/07\/pera-rose-safe-tourism.pdf\" target=\"_blank\" tabindex=\"-1\" rel=\"noopener\"><img loading=\"lazy\" decoding=\"async\" width=\"1654\" height=\"2340\" src=\"https:\/\/perarose.com\/wp-content\/uploads\/2023\/11\/pera-rose-safe-tourism_Sayfa_2-rotated.jpg\" alt=\"\" loading=\"lazy\" \/><\/a><\/figure>\n<h3><a href=\"https:\/\/perarose.com\/wp-content\/uploads\/2021\/07\/pera-rose-safe-tourism.pdf\" target=\"_blank\" rel=\"noopener\">Safe Tourism Certificate<\/a><\/h3>\n<figure><a href=\"https:\/\/perarose.com\/wp-content\/uploads\/2023\/11\/SYS01-Surdurulebilirlik-Politika-Belgesi.pdf\" target=\"_blank\" tabindex=\"-1\" rel=\"noopener\"><img loading=\"lazy\" decoding=\"async\" width=\"1829\" height=\"2560\" src=\"https:\/\/perarose.com\/wp-content\/uploads\/2023\/11\/SYS01-Surdurulebilirlik-Politika-Belgesi-1-scaled.jpg\" alt=\"\" loading=\"lazy\" \/><\/a><\/figure>\n<h3><a href=\"https:\/\/perarose.com\/wp-content\/uploads\/2023\/11\/SYS01-Surdurulebilirlik-Politika-Belgesi.pdf\" target=\"_blank\" rel=\"noopener\">S\u00fcrd\u00fcr\u00fclebilirlik Y\u00f6netim Sistemi<\/a><\/h3>\n","protected":false},"excerpt":{"rendered":"<p>Belgelerimiz S\u00fcrd\u00fcr\u00fclebilir Turizm Belgesi Greenhouse Gas Inventory Report Safe Tourism Certificate S\u00fcrd\u00fcr\u00fclebilirlik Y\u00f6netim Sistemi<\/p>\n","protected":false},"author":1,"featured_media":0,"parent":0,"menu_order":0,"comment_status":"closed","ping_status":"closed","template":"","meta":{"footnotes":""},"class_list":["post-1371","page","type-page","status-publish","hentry"],"yoast_head":"<!-- This site is optimized with the Yoast SEO Premium plugin v22.5 (Yoast SEO v26.6) - https:\/\/yoast.com\/wordpress\/plugins\/seo\/ -->\n<title>Belgeler - Pera Rose Hotel<\/title>\n<meta name=\"robots\" content=\"index, follow, max-snippet:-1, max-image-preview:large, max-video-preview:-1\" \/>\n<link rel=\"canonical\" href=\"https:\/\/perarose.com\/documents\/\" \/>\n<meta property=\"og:locale\" content=\"tr_TR\" \/>\n<meta property=\"og:type\" content=\"article\" \/>\n<meta property=\"og:title\" content=\"Belgeler\" \/>\n<meta property=\"og:description\" content=\"Belgelerimiz S\u00fcrd\u00fcr\u00fclebilir Turizm Belgesi Greenhouse Gas Inventory Report Safe Tourism Certificate S\u00fcrd\u00fcr\u00fclebilirlik Y\u00f6netim Sistemi\" \/>\n<meta property=\"og:url\" content=\"https:\/\/perarose.com\/documents\/\" \/>\n<meta property=\"og:site_name\" content=\"Pera Rose Hotel\" \/>\n<meta property=\"article:modified_time\" content=\"2023-12-14T12:21:40+00:00\" \/>\n<meta property=\"og:image\" content=\"https:\/\/perarose.com\/wp-content\/uploads\/2023\/12\/Sustainable-Tourism-Verification3-TR.jpg\" \/>\n<meta name=\"twitter:card\" content=\"summary_large_image\" \/>\n<meta name=\"twitter:label1\" content=\"Tahmini okuma s\u00fcresi\" \/>\n\t<meta name=\"twitter:data1\" content=\"1 dakika\" \/>\n<script type=\"application\/ld+json\" class=\"yoast-schema-graph\">{\"@context\":\"https:\/\/schema.org\",\"@graph\":[{\"@type\":\"WebPage\",\"@id\":\"https:\/\/perarose.com\/documents\/\",\"url\":\"https:\/\/perarose.com\/documents\/\",\"name\":\"Belgeler - Pera Rose Hotel\",\"isPartOf\":{\"@id\":\"https:\/\/perarose.com\/#website\"},\"primaryImageOfPage\":{\"@id\":\"https:\/\/perarose.com\/documents\/#primaryimage\"},\"image\":{\"@id\":\"https:\/\/perarose.com\/documents\/#primaryimage\"},\"thumbnailUrl\":\"https:\/\/perarose.com\/wp-content\/uploads\/2023\/12\/Sustainable-Tourism-Verification3-TR.jpg\",\"datePublished\":\"2023-11-09T12:17:00+00:00\",\"dateModified\":\"2023-12-14T12:21:40+00:00\",\"breadcrumb\":{\"@id\":\"https:\/\/perarose.com\/documents\/#breadcrumb\"},\"inLanguage\":\"tr\",\"potentialAction\":[{\"@type\":\"ReadAction\",\"target\":[\"https:\/\/perarose.com\/documents\/\"]}]},{\"@type\":\"ImageObject\",\"inLanguage\":\"tr\",\"@id\":\"https:\/\/perarose.com\/documents\/#primaryimage\",\"url\":\"https:\/\/perarose.com\/wp-content\/uploads\/2023\/12\/Sustainable-Tourism-Verification3-TR.jpg\",\"contentUrl\":\"https:\/\/perarose.com\/wp-content\/uploads\/2023\/12\/Sustainable-Tourism-Verification3-TR.jpg\"},{\"@type\":\"BreadcrumbList\",\"@id\":\"https:\/\/perarose.com\/documents\/#breadcrumb\",\"itemListElement\":[{\"@type\":\"ListItem\",\"position\":1,\"name\":\"Home\",\"item\":\"https:\/\/perarose.com\/\"},{\"@type\":\"ListItem\",\"position\":2,\"name\":\"Belgeler\"}]},{\"@type\":\"WebSite\",\"@id\":\"https:\/\/perarose.com\/#website\",\"url\":\"https:\/\/perarose.com\/\",\"name\":\"Pera Rose Hotel\",\"description\":\"\u0130stanbul Taksim\",\"publisher\":{\"@id\":\"https:\/\/perarose.com\/#organization\"},\"potentialAction\":[{\"@type\":\"SearchAction\",\"target\":{\"@type\":\"EntryPoint\",\"urlTemplate\":\"https:\/\/perarose.com\/?s={search_term_string}\"},\"query-input\":{\"@type\":\"PropertyValueSpecification\",\"valueRequired\":true,\"valueName\":\"search_term_string\"}}],\"inLanguage\":\"tr\"},{\"@type\":\"Organization\",\"@id\":\"https:\/\/perarose.com\/#organization\",\"name\":\"Pera Rose Hotel\",\"url\":\"https:\/\/perarose.com\/\",\"logo\":{\"@type\":\"ImageObject\",\"inLanguage\":\"tr\",\"@id\":\"https:\/\/perarose.com\/#\/schema\/logo\/image\/\",\"url\":\"https:\/\/perarose.com\/wp-content\/uploads\/2021\/07\/pera-rose-otel.png\",\"contentUrl\":\"https:\/\/perarose.com\/wp-content\/uploads\/2021\/07\/pera-rose-otel.png\",\"width\":120,\"height\":70,\"caption\":\"Pera Rose Hotel\"},\"image\":{\"@id\":\"https:\/\/perarose.com\/#\/schema\/logo\/image\/\"}}]}<\/script>\n<!-- \/ Yoast SEO Premium plugin. -->","yoast_head_json":{"title":"Belgeler - Pera Rose Hotel","robots":{"index":"index","follow":"follow","max-snippet":"max-snippet:-1","max-image-preview":"max-image-preview:large","max-video-preview":"max-video-preview:-1"},"canonical":"https:\/\/perarose.com\/documents\/","og_locale":"tr_TR","og_type":"article","og_title":"Belgeler","og_description":"Belgelerimiz S\u00fcrd\u00fcr\u00fclebilir Turizm Belgesi Greenhouse Gas Inventory Report Safe Tourism Certificate S\u00fcrd\u00fcr\u00fclebilirlik Y\u00f6netim Sistemi","og_url":"https:\/\/perarose.com\/documents\/","og_site_name":"Pera Rose Hotel","article_modified_time":"2023-12-14T12:21:40+00:00","og_image":[{"url":"https:\/\/perarose.com\/wp-content\/uploads\/2023\/12\/Sustainable-Tourism-Verification3-TR.jpg","type":"","width":"","height":""}],"twitter_card":"summary_large_image","twitter_misc":{"Tahmini okuma s\u00fcresi":"1 dakika"},"schema":{"@context":"https:\/\/schema.org","@graph":[{"@type":"WebPage","@id":"https:\/\/perarose.com\/documents\/","url":"https:\/\/perarose.com\/documents\/","name":"Belgeler - Pera Rose Hotel","isPartOf":{"@id":"https:\/\/perarose.com\/#website"},"primaryImageOfPage":{"@id":"https:\/\/perarose.com\/documents\/#primaryimage"},"image":{"@id":"https:\/\/perarose.com\/documents\/#primaryimage"},"thumbnailUrl":"https:\/\/perarose.com\/wp-content\/uploads\/2023\/12\/Sustainable-Tourism-Verification3-TR.jpg","datePublished":"2023-11-09T12:17:00+00:00","dateModified":"2023-12-14T12:21:40+00:00","breadcrumb":{"@id":"https:\/\/perarose.com\/documents\/#breadcrumb"},"inLanguage":"tr","potentialAction":[{"@type":"ReadAction","target":["https:\/\/perarose.com\/documents\/"]}]},{"@type":"ImageObject","inLanguage":"tr","@id":"https:\/\/perarose.com\/documents\/#primaryimage","url":"https:\/\/perarose.com\/wp-content\/uploads\/2023\/12\/Sustainable-Tourism-Verification3-TR.jpg","contentUrl":"https:\/\/perarose.com\/wp-content\/uploads\/2023\/12\/Sustainable-Tourism-Verification3-TR.jpg"},{"@type":"BreadcrumbList","@id":"https:\/\/perarose.com\/documents\/#breadcrumb","itemListElement":[{"@type":"ListItem","position":1,"name":"Home","item":"https:\/\/perarose.com\/"},{"@type":"ListItem","position":2,"name":"Belgeler"}]},{"@type":"WebSite","@id":"https:\/\/perarose.com\/#website","url":"https:\/\/perarose.com\/","name":"Pera Rose Hotel","description":"\u0130stanbul Taksim","publisher":{"@id":"https:\/\/perarose.com\/#organization"},"potentialAction":[{"@type":"SearchAction","target":{"@type":"EntryPoint","urlTemplate":"https:\/\/perarose.com\/?s={search_term_string}"},"query-input":{"@type":"PropertyValueSpecification","valueRequired":true,"valueName":"search_term_string"}}],"inLanguage":"tr"},{"@type":"Organization","@id":"https:\/\/perarose.com\/#organization","name":"Pera Rose Hotel","url":"https:\/\/perarose.com\/","logo":{"@type":"ImageObject","inLanguage":"tr","@id":"https:\/\/perarose.com\/#\/schema\/logo\/image\/","url":"https:\/\/perarose.com\/wp-content\/uploads\/2021\/07\/pera-rose-otel.png","contentUrl":"https:\/\/perarose.com\/wp-content\/uploads\/2021\/07\/pera-rose-otel.png","width":120,"height":70,"caption":"Pera Rose Hotel"},"image":{"@id":"https:\/\/perarose.com\/#\/schema\/logo\/image\/"}}]}},"_links":{"self":[{"href":"https:\/\/perarose.com\/tr\/wp-json\/wp\/v2\/pages\/1371","targetHints":{"allow":["GET"]}}],"collection":[{"href":"https:\/\/perarose.com\/tr\/wp-json\/wp\/v2\/pages"}],"about":[{"href":"https:\/\/perarose.com\/tr\/wp-json\/wp\/v2\/types\/page"}],"author":[{"embeddable":true,"href":"https:\/\/perarose.com\/tr\/wp-json\/wp\/v2\/users\/1"}],"replies":[{"embeddable":true,"href":"https:\/\/perarose.com\/tr\/wp-json\/wp\/v2\/comments?post=1371"}],"version-history":[{"count":16,"href":"https:\/\/perarose.com\/tr\/wp-json\/wp\/v2\/pages\/1371\/revisions"}],"predecessor-version":[{"id":1415,"href":"https:\/\/perarose.com\/tr\/wp-json\/wp\/v2\/pages\/1371\/revisions\/1415"}],"wp:attachment":[{"href":"https:\/\/perarose.com\/tr\/wp-json\/wp\/v2\/media?parent=1371"}],"curies":[{"name":"wp","href":"https:\/\/api.w.org\/{rel}","templated":true}]}}