{"id":1017,"date":"2021-07-07T12:26:46","date_gmt":"2021-07-07T12:26:46","guid":{"rendered":"http:\/\/perarose.com\/amenities\/"},"modified":"2025-12-22T13:37:59","modified_gmt":"2025-12-22T13:37:59","slug":"amenities","status":"publish","type":"page","link":"https:\/\/perarose.com\/tr\/amenities\/","title":{"rendered":"Kolayl\u0131klar"},"content":{"rendered":"\t\t<div data-elementor-type=\"wp-page\" data-elementor-id=\"1017\" class=\"elementor elementor-1017 elementor-568\" data-elementor-post-type=\"page\">\n\t\t\t\t\t\t<section class=\"elementor-section elementor-top-section elementor-element elementor-element-1477c33 elementor-section-boxed elementor-section-height-default elementor-section-height-default\" data-id=\"1477c33\" data-element_type=\"section\">\n\t\t\t\t\t\t<div class=\"elementor-container elementor-column-gap-default\">\n\t\t\t\t\t<div class=\"elementor-column elementor-col-100 elementor-top-column elementor-element elementor-element-8c677d8\" data-id=\"8c677d8\" data-element_type=\"column\">\n\t\t\t<div class=\"elementor-widget-wrap elementor-element-populated\">\n\t\t\t\t\t\t<div class=\"elementor-element elementor-element-8924c02 elementor-widget elementor-widget-heading\" data-id=\"8924c02\" data-element_type=\"widget\" data-widget_type=\"heading.default\">\n\t\t\t\t<div class=\"elementor-widget-container\">\n\t\t\t\t\t<h1 class=\"elementor-heading-title elementor-size-default\">Kolayl\u0131klar<\/h1>\t\t\t\t<\/div>\n\t\t\t\t<\/div>\n\t\t\t\t<div class=\"elementor-element elementor-element-f46e740 elementor-widget elementor-widget-image\" data-id=\"f46e740\" data-element_type=\"widget\" data-widget_type=\"image.default\">\n\t\t\t\t<div class=\"elementor-widget-container\">\n\t\t\t\t\t\t\t\t\t\t\t\t\t\t\t<img fetchpriority=\"high\" decoding=\"async\" width=\"1800\" height=\"1200\" src=\"https:\/\/perarose.com\/wp-content\/uploads\/2025\/12\/R-D-1.jpg\" class=\"attachment-full size-full wp-image-2554\" alt=\"Pera Rose Hotel Exterior\" srcset=\"https:\/\/perarose.com\/wp-content\/uploads\/2025\/12\/R-D-1.jpg 1800w, https:\/\/perarose.com\/wp-content\/uploads\/2025\/12\/R-D-1-300x200.jpg 300w, https:\/\/perarose.com\/wp-content\/uploads\/2025\/12\/R-D-1-1024x683.jpg 1024w, https:\/\/perarose.com\/wp-content\/uploads\/2025\/12\/R-D-1-768x512.jpg 768w, https:\/\/perarose.com\/wp-content\/uploads\/2025\/12\/R-D-1-1536x1024.jpg 1536w\" sizes=\"(max-width: 1800px) 100vw, 1800px\" \/>\t\t\t\t\t\t\t\t\t\t\t\t\t\t\t<\/div>\n\t\t\t\t<\/div>\n\t\t\t\t\t<\/div>\n\t\t<\/div>\n\t\t\t\t\t<\/div>\n\t\t<\/section>\n\t\t\t\t<section class=\"elementor-section elementor-top-section elementor-element elementor-element-93a551d elementor-section-boxed elementor-section-height-default elementor-section-height-default\" data-id=\"93a551d\" data-element_type=\"section\">\n\t\t\t\t\t\t<div class=\"elementor-container elementor-column-gap-default\">\n\t\t\t\t\t<div class=\"elementor-column elementor-col-100 elementor-top-column elementor-element elementor-element-acceb3d\" data-id=\"acceb3d\" data-element_type=\"column\">\n\t\t\t<div class=\"elementor-widget-wrap elementor-element-populated\">\n\t\t\t\t\t\t<div class=\"elementor-element elementor-element-e2d947c elementor-widget elementor-widget-heading\" data-id=\"e2d947c\" data-element_type=\"widget\" data-widget_type=\"heading.default\">\n\t\t\t\t<div class=\"elementor-widget-container\">\n\t\t\t\t\t<h3 class=\"elementor-heading-title elementor-size-default\">Pera Rose Hotel \nProfesyonel Konaklama Hizmeti \u0130le \u0130stanbul\u2019da Sizi A\u011f\u0131rl\u0131yor\n<\/h3>\t\t\t\t<\/div>\n\t\t\t\t<\/div>\n\t\t\t\t<div class=\"elementor-element elementor-element-a8a5d3b elementor-widget elementor-widget-text-editor\" data-id=\"a8a5d3b\" data-element_type=\"widget\" data-widget_type=\"text-editor.default\">\n\t\t\t\t<div class=\"elementor-widget-container\">\n\t\t\t\t\t\t\t\t\t<p>\u00a0\u00a0\u00a0\u00a0 L\u00fcks ve konforun birbiriyle bulu\u015ftu\u011fu PERA ROSE HOTEL\u2019e Ho\u015f Geldiniz. R\u00fcya gibi bir tatil ve i\u015f seyahatindeki t\u00fcm beklentileriniz otelimizde ger\u00e7ek oluyor.<\/p><p>\u00a0\u00a0\u00a0\u00a0 \u0130stanbul&#8217;un i\u015f, al\u0131\u015fveri\u015f ve e\u011flence merkezi Beyo\u011flu Pera\u2019da e\u015fsiz Hali\u00e7 manzaras\u0131 e\u015fli\u011finde bamba\u015fka bir keyif ve deneyim sizi bekliyor. Tarihi Galata Kulesi, d\u00fcnyanin en eski metrosu olan T\u00fcnel ve \u00fcnl\u00fc Taksim Meydan\u0131 sadece y\u00fcr\u00fcme mesafesi kadar uza\u011f\u0131n\u0131zda. Ayr\u0131ca \u0130stiklal Caddesinde \u0130stanbul&#8217;un c\u0131v\u0131l c\u0131v\u0131l ya\u015fayan b\u00fcy\u00fcl\u00fc cazibesini, cafe, restoran ve barlar\u0131nda hissedebilirsiniz.<\/p><p>\u00a0\u00a0\u00a0\u00a0 As\u0131rl\u0131k binalar\u0131n, camilerin, kiliselerin, sinagoglar\u0131n, \u00e7an ve ezan seslerinin birbirine kar\u0131\u015ft\u0131\u011f\u0131 Pera 24 saatini canl\u0131 ya\u015fayan bir e\u011flence merkezidir. Otele girdi\u011finiz andan itibaren Pera atmosferini, g\u00fcler y\u00fczl\u00fc servis anlay\u0131\u015f\u0131 ile birlikte hissetmeye devam edeceksiniz. Her t\u00fcrl\u00fc konfora sahip odalar\u0131m\u0131zda i\u015f gezisi ya da tatillerinizin toplant\u0131 ve a\u011f\u0131rlama gereksinimlerini kar\u015f\u0131layabileceksiniz.<\/p><p><br \/>\u00a0\u00a0 Otelimiz uluslararas\u0131 standartlardaki hizmet anlay\u0131\u015f\u0131, donan\u0131ml\u0131 toplant\u0131 salonu, SPA merkezi ve farkl\u0131 lezzetler sunan restoranlar\u0131 ile \u0130stanbul&#8217;un ruhunu yak\u0131ndan hissetmek isteyen siz de\u011ferli misafirlerini bekliyor.<\/p>\t\t\t\t\t\t\t\t<\/div>\n\t\t\t\t<\/div>\n\t\t\t\t\t<\/div>\n\t\t<\/div>\n\t\t\t\t\t<\/div>\n\t\t<\/section>\n\t\t\t\t<section class=\"elementor-section elementor-top-section elementor-element elementor-element-137a5c63 elementor-section-boxed elementor-section-height-default elementor-section-height-default\" data-id=\"137a5c63\" data-element_type=\"section\">\n\t\t\t\t\t\t<div class=\"elementor-container elementor-column-gap-default\">\n\t\t\t\t\t<div class=\"elementor-column elementor-col-50 elementor-top-column elementor-element elementor-element-5b146713\" data-id=\"5b146713\" data-element_type=\"column\">\n\t\t\t<div class=\"elementor-widget-wrap elementor-element-populated\">\n\t\t\t\t\t\t<div class=\"elementor-element elementor-element-40346200 elementor-widget elementor-widget-heading\" data-id=\"40346200\" data-element_type=\"widget\" data-widget_type=\"heading.default\">\n\t\t\t\t<div class=\"elementor-widget-container\">\n\t\t\t\t\t<h3 class=\"elementor-heading-title elementor-size-default\">Genel \u00d6zellikler<\/h3>\t\t\t\t<\/div>\n\t\t\t\t<\/div>\n\t\t\t\t<div class=\"elementor-element elementor-element-15fcd23e elementor-widget elementor-widget-text-editor\" data-id=\"15fcd23e\" data-element_type=\"widget\" data-widget_type=\"text-editor.default\">\n\t\t\t\t<div class=\"elementor-widget-container\">\n\t\t\t\t\t\t\t\t\t<ul>\n<li>Butik Otel<\/li>\n<li>52 Oda<\/li>\n<li>Otopark ve Vale Servisi<\/li>\n<li>Transfer Hizmeti<\/li>\n<li>Restoran<\/li>\n<li>Bar<\/li>\n<li>24 Saat Oda Servisi<\/li>\n<li>Spa Center<\/li>\n<li>Fitness Center<\/li>\n<li>\u00c7ama\u015f\u0131r ve Kuru Temizleme Hizmeti<\/li>\n<li>H\u0131zl\u0131 Wi-Fi \u0130nternet Eri\u015fimi<\/li>\n<li>Business Center<\/li>\n<\/ul>\t\t\t\t\t\t\t\t<\/div>\n\t\t\t\t<\/div>\n\t\t\t\t<div class=\"elementor-element elementor-element-ddcb95d elementor-widget elementor-widget-heading\" data-id=\"ddcb95d\" data-element_type=\"widget\" data-widget_type=\"heading.default\">\n\t\t\t\t<div class=\"elementor-widget-container\">\n\t\t\t\t\t<h3 class=\"elementor-heading-title elementor-size-default\">Odalar<\/h3>\t\t\t\t<\/div>\n\t\t\t\t<\/div>\n\t\t\t\t<div class=\"elementor-element elementor-element-bbbe0f0 elementor-widget elementor-widget-text-editor\" data-id=\"bbbe0f0\" data-element_type=\"widget\" data-widget_type=\"text-editor.default\">\n\t\t\t\t<div class=\"elementor-widget-container\">\n\t\t\t\t\t\t\t\t\t<ul><li>8 SuitOda<\/li><li>14 Triple Oda<\/li><li>30 Superior Oda<\/li><\/ul>\t\t\t\t\t\t\t\t<\/div>\n\t\t\t\t<\/div>\n\t\t\t\t<div class=\"elementor-element elementor-element-112f649 elementor-widget elementor-widget-heading\" data-id=\"112f649\" data-element_type=\"widget\" data-widget_type=\"heading.default\">\n\t\t\t\t<div class=\"elementor-widget-container\">\n\t\t\t\t\t<h3 class=\"elementor-heading-title elementor-size-default\">Oda Detaylar\u0131<\/h3>\t\t\t\t<\/div>\n\t\t\t\t<\/div>\n\t\t\t\t<div class=\"elementor-element elementor-element-1c6075b elementor-widget elementor-widget-text-editor\" data-id=\"1c6075b\" data-element_type=\"widget\" data-widget_type=\"text-editor.default\">\n\t\t\t\t<div class=\"elementor-widget-container\">\n\t\t\t\t\t\t\t\t\t<ul><li>Full HD LCD TV<\/li><li>Pay TV<\/li><li>Wi-Fi \u0130nternet<\/li><li>Uyand\u0131rma Servisi<\/li><li>Minibar<\/li><li>Telefon<\/li><li>24 Saat Oda Servisi<\/li><li>Kasa<\/li><li>Ayarlanabilir Klima<\/li><li>Sa\u00e7 Kurutma Makinesi<\/li><li>Talep \u00dczerine \u00dct\u00fc ve \u00dct\u00fc Masas\u0131<\/li><li>Odan\u0131zda \u00fccretsiz g\u00fcnl\u00fck iki \u015fi\u015fe su<\/li><li>Odan\u0131zda \u00fccretsiz \u00e7ay ve kahve stand\u0131<\/li><li>Nespresso Makinesi<\/li><li>Kettle<\/li><\/ul>\t\t\t\t\t\t\t\t<\/div>\n\t\t\t\t<\/div>\n\t\t\t\t\t<\/div>\n\t\t<\/div>\n\t\t\t\t<div class=\"elementor-column elementor-col-50 elementor-top-column elementor-element elementor-element-70db14be\" data-id=\"70db14be\" data-element_type=\"column\">\n\t\t\t<div class=\"elementor-widget-wrap elementor-element-populated\">\n\t\t\t\t\t\t<div class=\"elementor-element elementor-element-5c5c60a2 elementor-widget elementor-widget-heading\" data-id=\"5c5c60a2\" data-element_type=\"widget\" data-widget_type=\"heading.default\">\n\t\t\t\t<div class=\"elementor-widget-container\">\n\t\t\t\t\t<h3 class=\"elementor-heading-title elementor-size-default\">Yerel Cazibe Merkezleri<\/h3>\t\t\t\t<\/div>\n\t\t\t\t<\/div>\n\t\t\t\t<section class=\"elementor-section elementor-inner-section elementor-element elementor-element-7f0a9eaf elementor-section-boxed elementor-section-height-default elementor-section-height-default\" data-id=\"7f0a9eaf\" data-element_type=\"section\">\n\t\t\t\t\t\t<div class=\"elementor-container elementor-column-gap-no\">\n\t\t\t\t\t<div class=\"elementor-column elementor-col-100 elementor-inner-column elementor-element elementor-element-7473fec6\" data-id=\"7473fec6\" data-element_type=\"column\">\n\t\t\t<div class=\"elementor-widget-wrap elementor-element-populated\">\n\t\t\t\t\t\t<div class=\"elementor-element elementor-element-5c2e2854 elementor-icon-list--layout-traditional elementor-list-item-link-full_width elementor-widget elementor-widget-icon-list\" data-id=\"5c2e2854\" data-element_type=\"widget\" data-widget_type=\"icon-list.default\">\n\t\t\t\t<div class=\"elementor-widget-container\">\n\t\t\t\t\t\t\t<ul class=\"elementor-icon-list-items\">\n\t\t\t\t\t\t\t<li class=\"elementor-icon-list-item\">\n\t\t\t\t\t\t\t\t\t\t\t<span class=\"elementor-icon-list-icon\">\n\t\t\t\t\t\t\t<i aria-hidden=\"true\" class=\"fas fa-walking\"><\/i>\t\t\t\t\t\t<\/span>\n\t\t\t\t\t\t\t\t\t\t<span class=\"elementor-icon-list-text\">Taksim Meydan\u0131  - 8 min<\/span>\n\t\t\t\t\t\t\t\t\t<\/li>\n\t\t\t\t\t\t\t\t<li class=\"elementor-icon-list-item\">\n\t\t\t\t\t\t\t\t\t\t\t<span class=\"elementor-icon-list-icon\">\n\t\t\t\t\t\t\t<i aria-hidden=\"true\" class=\"fas fa-walking\"><\/i>\t\t\t\t\t\t<\/span>\n\t\t\t\t\t\t\t\t\t\t<span class=\"elementor-icon-list-text\">T\u00fcnel  - 2min<\/span>\n\t\t\t\t\t\t\t\t\t<\/li>\n\t\t\t\t\t\t\t\t<li class=\"elementor-icon-list-item\">\n\t\t\t\t\t\t\t\t\t\t\t<span class=\"elementor-icon-list-icon\">\n\t\t\t\t\t\t\t<i aria-hidden=\"true\" class=\"fas fa-walking\"><\/i>\t\t\t\t\t\t<\/span>\n\t\t\t\t\t\t\t\t\t\t<span class=\"elementor-icon-list-text\">\u015ei\u015fhane Metro  - 30 mt<\/span>\n\t\t\t\t\t\t\t\t\t<\/li>\n\t\t\t\t\t\t\t\t<li class=\"elementor-icon-list-item\">\n\t\t\t\t\t\t\t\t\t\t\t<span class=\"elementor-icon-list-icon\">\n\t\t\t\t\t\t\t<i aria-hidden=\"true\" class=\"fas fa-walking\"><\/i>\t\t\t\t\t\t<\/span>\n\t\t\t\t\t\t\t\t\t\t<span class=\"elementor-icon-list-text\">K\u0131r\u0131m Kilisesi  - 5 min<\/span>\n\t\t\t\t\t\t\t\t\t<\/li>\n\t\t\t\t\t\t\t\t<li class=\"elementor-icon-list-item\">\n\t\t\t\t\t\t\t\t\t\t\t<span class=\"elementor-icon-list-icon\">\n\t\t\t\t\t\t\t<i aria-hidden=\"true\" class=\"fas fa-walking\"><\/i>\t\t\t\t\t\t<\/span>\n\t\t\t\t\t\t\t\t\t\t<span class=\"elementor-icon-list-text\">Saint Peter ve Saint Paul Kilisesi   - 8 min<\/span>\n\t\t\t\t\t\t\t\t\t<\/li>\n\t\t\t\t\t\t\t\t<li class=\"elementor-icon-list-item\">\n\t\t\t\t\t\t\t\t\t\t\t<span class=\"elementor-icon-list-icon\">\n\t\t\t\t\t\t\t<i aria-hidden=\"true\" class=\"fas fa-walking\"><\/i>\t\t\t\t\t\t<\/span>\n\t\t\t\t\t\t\t\t\t\t<span class=\"elementor-icon-list-text\">St. Antuan Katolik Kilisesi   - 7 min<\/span>\n\t\t\t\t\t\t\t\t\t<\/li>\n\t\t\t\t\t\t\t\t<li class=\"elementor-icon-list-item\">\n\t\t\t\t\t\t\t\t\t\t\t<span class=\"elementor-icon-list-icon\">\n\t\t\t\t\t\t\t<i aria-hidden=\"true\" class=\"fas fa-walking\"><\/i>\t\t\t\t\t\t<\/span>\n\t\t\t\t\t\t\t\t\t\t<span class=\"elementor-icon-list-text\">Pera M\u00fczesi  - 3 min<\/span>\n\t\t\t\t\t\t\t\t\t<\/li>\n\t\t\t\t\t\t\t\t<li class=\"elementor-icon-list-item\">\n\t\t\t\t\t\t\t\t\t\t\t<span class=\"elementor-icon-list-icon\">\n\t\t\t\t\t\t\t<i aria-hidden=\"true\" class=\"fas fa-taxi\"><\/i>\t\t\t\t\t\t<\/span>\n\t\t\t\t\t\t\t\t\t\t<span class=\"elementor-icon-list-text\">Ayasofya Cami  - 14 min<\/span>\n\t\t\t\t\t\t\t\t\t<\/li>\n\t\t\t\t\t\t\t\t<li class=\"elementor-icon-list-item\">\n\t\t\t\t\t\t\t\t\t\t\t<span class=\"elementor-icon-list-icon\">\n\t\t\t\t\t\t\t<i aria-hidden=\"true\" class=\"fas fa-taxi\"><\/i>\t\t\t\t\t\t<\/span>\n\t\t\t\t\t\t\t\t\t\t<span class=\"elementor-icon-list-text\">Miniat\u00fcrk  - 13 min<\/span>\n\t\t\t\t\t\t\t\t\t<\/li>\n\t\t\t\t\t\t\t\t<li class=\"elementor-icon-list-item\">\n\t\t\t\t\t\t\t\t\t\t\t<span class=\"elementor-icon-list-icon\">\n\t\t\t\t\t\t\t<i aria-hidden=\"true\" class=\"fas fa-walking\"><\/i>\t\t\t\t\t\t<\/span>\n\t\t\t\t\t\t\t\t\t\t<span class=\"elementor-icon-list-text\">L\u00fctfi K\u0131rdar Kongre Merkezi  - 8 min<\/span>\n\t\t\t\t\t\t\t\t\t<\/li>\n\t\t\t\t\t\t\t\t<li class=\"elementor-icon-list-item\">\n\t\t\t\t\t\t\t\t\t\t\t<span class=\"elementor-icon-list-icon\">\n\t\t\t\t\t\t\t<i aria-hidden=\"true\" class=\"fas fa-taxi\"><\/i>\t\t\t\t\t\t<\/span>\n\t\t\t\t\t\t\t\t\t\t<span class=\"elementor-icon-list-text\">Turkuazzo  - 17 min<\/span>\n\t\t\t\t\t\t\t\t\t<\/li>\n\t\t\t\t\t\t\t\t<li class=\"elementor-icon-list-item\">\n\t\t\t\t\t\t\t\t\t\t\t<span class=\"elementor-icon-list-icon\">\n\t\t\t\t\t\t\t<i aria-hidden=\"true\" class=\"fas fa-taxi\"><\/i>\t\t\t\t\t\t<\/span>\n\t\t\t\t\t\t\t\t\t\t<span class=\"elementor-icon-list-text\">Atat\u00fcrk Havaalan\u0131- 25 min<\/span>\n\t\t\t\t\t\t\t\t\t<\/li>\n\t\t\t\t\t\t\t\t<li class=\"elementor-icon-list-item\">\n\t\t\t\t\t\t\t\t\t\t\t<span class=\"elementor-icon-list-icon\">\n\t\t\t\t\t\t\t<i aria-hidden=\"true\" class=\"fas fa-taxi\"><\/i>\t\t\t\t\t\t<\/span>\n\t\t\t\t\t\t\t\t\t\t<span class=\"elementor-icon-list-text\">Deniz Otob\u00fcs\u00fc - 11 min<\/span>\n\t\t\t\t\t\t\t\t\t<\/li>\n\t\t\t\t\t\t<\/ul>\n\t\t\t\t\t\t<\/div>\n\t\t\t\t<\/div>\n\t\t\t\t\t<\/div>\n\t\t<\/div>\n\t\t\t\t\t<\/div>\n\t\t<\/section>\n\t\t\t\t<div class=\"elementor-element elementor-element-54cb99d9 elementor-widget-divider--view-line elementor-widget elementor-widget-divider\" data-id=\"54cb99d9\" data-element_type=\"widget\" data-widget_type=\"divider.default\">\n\t\t\t\t<div class=\"elementor-widget-container\">\n\t\t\t\t\t\t\t<div class=\"elementor-divider\">\n\t\t\t<span class=\"elementor-divider-separator\">\n\t\t\t\t\t\t<\/span>\n\t\t<\/div>\n\t\t\t\t\t\t<\/div>\n\t\t\t\t<\/div>\n\t\t\t\t<div class=\"elementor-element elementor-element-6aa37f34 elementor-widget elementor-widget-heading\" data-id=\"6aa37f34\" data-element_type=\"widget\" data-widget_type=\"heading.default\">\n\t\t\t\t<div class=\"elementor-widget-container\">\n\t\t\t\t\t<h3 class=\"elementor-heading-title elementor-size-default\">Konum<\/h3>\t\t\t\t<\/div>\n\t\t\t\t<\/div>\n\t\t\t\t<div class=\"elementor-element elementor-element-7404bbe elementor-widget elementor-widget-image\" data-id=\"7404bbe\" data-element_type=\"widget\" data-widget_type=\"image.default\">\n\t\t\t\t<div class=\"elementor-widget-container\">\n\t\t\t\t\t\t\t\t\t\t\t\t\t\t\t<img decoding=\"async\" width=\"800\" height=\"638\" src=\"https:\/\/perarose.com\/wp-content\/uploads\/2021\/07\/pera-rose-location.jpg\" class=\"attachment-large size-large wp-image-917\" alt=\"\" srcset=\"https:\/\/perarose.com\/wp-content\/uploads\/2021\/07\/pera-rose-location.jpg 1024w, https:\/\/perarose.com\/wp-content\/uploads\/2021\/07\/pera-rose-location-300x239.jpg 300w, https:\/\/perarose.com\/wp-content\/uploads\/2021\/07\/pera-rose-location-768x612.jpg 768w\" sizes=\"(max-width: 800px) 100vw, 800px\" \/>\t\t\t\t\t\t\t\t\t\t\t\t\t\t\t<\/div>\n\t\t\t\t<\/div>\n\t\t\t\t\t<\/div>\n\t\t<\/div>\n\t\t\t\t\t<\/div>\n\t\t<\/section>\n\t\t\t\t<\/div>\n\t\t","protected":false},"excerpt":{"rendered":"<p>Kolayl\u0131klar Pera Rose Hotel Profesyonel Konaklama Hizmeti \u0130le \u0130stanbul\u2019da Sizi A\u011f\u0131rl\u0131yor \u00a0\u00a0\u00a0\u00a0 L\u00fcks ve konforun birbiriyle bulu\u015ftu\u011fu PERA ROSE HOTEL\u2019e Ho\u015f Geldiniz. R\u00fcya gibi bir tatil ve i\u015f seyahatindeki t\u00fcm beklentileriniz otelimizde ger\u00e7ek oluyor. \u00a0\u00a0\u00a0\u00a0 \u0130stanbul&#8217;un i\u015f, al\u0131\u015fveri\u015f ve e\u011flence merkezi Beyo\u011flu Pera\u2019da e\u015fsiz Hali\u00e7 manzaras\u0131 e\u015fli\u011finde bamba\u015fka bir keyif ve deneyim sizi bekliyor. Tarihi [&hellip;]<\/p>\n","protected":false},"author":1,"featured_media":0,"parent":0,"menu_order":0,"comment_status":"closed","ping_status":"closed","template":"","meta":{"footnotes":""},"class_list":["post-1017","page","type-page","status-publish","hentry"],"yoast_head":"<!-- This site is optimized with the Yoast SEO Premium plugin v22.5 (Yoast SEO v26.6) - https:\/\/yoast.com\/wordpress\/plugins\/seo\/ -->\n<title>Kolayl\u0131klar - Pera Rose Hotel<\/title>\n<meta name=\"robots\" content=\"index, follow, max-snippet:-1, max-image-preview:large, max-video-preview:-1\" \/>\n<link rel=\"canonical\" href=\"https:\/\/perarose.com\/amenities\/\" \/>\n<meta property=\"og:locale\" content=\"tr_TR\" \/>\n<meta property=\"og:type\" content=\"article\" \/>\n<meta property=\"og:title\" content=\"Kolayl\u0131klar\" \/>\n<meta property=\"og:description\" content=\"Kolayl\u0131klar Pera Rose Hotel Profesyonel Konaklama Hizmeti \u0130le \u0130stanbul\u2019da Sizi A\u011f\u0131rl\u0131yor \u00a0\u00a0\u00a0\u00a0 L\u00fcks ve konforun birbiriyle bulu\u015ftu\u011fu PERA ROSE HOTEL\u2019e Ho\u015f Geldiniz. R\u00fcya gibi bir tatil ve i\u015f seyahatindeki t\u00fcm beklentileriniz otelimizde ger\u00e7ek oluyor. \u00a0\u00a0\u00a0\u00a0 \u0130stanbul&#8217;un i\u015f, al\u0131\u015fveri\u015f ve e\u011flence merkezi Beyo\u011flu Pera\u2019da e\u015fsiz Hali\u00e7 manzaras\u0131 e\u015fli\u011finde bamba\u015fka bir keyif ve deneyim sizi bekliyor. Tarihi [&hellip;]\" \/>\n<meta property=\"og:url\" content=\"https:\/\/perarose.com\/amenities\/\" \/>\n<meta property=\"og:site_name\" content=\"Pera Rose Hotel\" \/>\n<meta property=\"article:modified_time\" content=\"2025-12-22T13:37:59+00:00\" \/>\n<meta property=\"og:image\" content=\"https:\/\/perarose.com\/wp-content\/uploads\/2025\/12\/R-D-1.jpg\" \/>\n\t<meta property=\"og:image:width\" content=\"1800\" \/>\n\t<meta property=\"og:image:height\" content=\"1200\" \/>\n\t<meta property=\"og:image:type\" content=\"image\/jpeg\" \/>\n<meta name=\"twitter:card\" content=\"summary_large_image\" \/>\n<meta name=\"twitter:label1\" content=\"Tahmini okuma s\u00fcresi\" \/>\n\t<meta name=\"twitter:data1\" content=\"3 dakika\" \/>\n<script type=\"application\/ld+json\" class=\"yoast-schema-graph\">{\"@context\":\"https:\/\/schema.org\",\"@graph\":[{\"@type\":\"WebPage\",\"@id\":\"https:\/\/perarose.com\/amenities\/\",\"url\":\"https:\/\/perarose.com\/amenities\/\",\"name\":\"Kolayl\u0131klar - Pera Rose Hotel\",\"isPartOf\":{\"@id\":\"https:\/\/perarose.com\/#website\"},\"primaryImageOfPage\":{\"@id\":\"https:\/\/perarose.com\/amenities\/#primaryimage\"},\"image\":{\"@id\":\"https:\/\/perarose.com\/amenities\/#primaryimage\"},\"thumbnailUrl\":\"https:\/\/perarose.com\/wp-content\/uploads\/2025\/12\/R-D-1.jpg\",\"datePublished\":\"2021-07-07T12:26:46+00:00\",\"dateModified\":\"2025-12-22T13:37:59+00:00\",\"breadcrumb\":{\"@id\":\"https:\/\/perarose.com\/amenities\/#breadcrumb\"},\"inLanguage\":\"tr\",\"potentialAction\":[{\"@type\":\"ReadAction\",\"target\":[\"https:\/\/perarose.com\/amenities\/\"]}]},{\"@type\":\"ImageObject\",\"inLanguage\":\"tr\",\"@id\":\"https:\/\/perarose.com\/amenities\/#primaryimage\",\"url\":\"https:\/\/perarose.com\/wp-content\/uploads\/2025\/12\/R-D-1.jpg\",\"contentUrl\":\"https:\/\/perarose.com\/wp-content\/uploads\/2025\/12\/R-D-1.jpg\"},{\"@type\":\"BreadcrumbList\",\"@id\":\"https:\/\/perarose.com\/amenities\/#breadcrumb\",\"itemListElement\":[{\"@type\":\"ListItem\",\"position\":1,\"name\":\"Home\",\"item\":\"https:\/\/perarose.com\/\"},{\"@type\":\"ListItem\",\"position\":2,\"name\":\"Kolayl\u0131klar\"}]},{\"@type\":\"WebSite\",\"@id\":\"https:\/\/perarose.com\/#website\",\"url\":\"https:\/\/perarose.com\/\",\"name\":\"Pera Rose Hotel\",\"description\":\"\u0130stanbul Taksim\",\"publisher\":{\"@id\":\"https:\/\/perarose.com\/#organization\"},\"potentialAction\":[{\"@type\":\"SearchAction\",\"target\":{\"@type\":\"EntryPoint\",\"urlTemplate\":\"https:\/\/perarose.com\/?s={search_term_string}\"},\"query-input\":{\"@type\":\"PropertyValueSpecification\",\"valueRequired\":true,\"valueName\":\"search_term_string\"}}],\"inLanguage\":\"tr\"},{\"@type\":\"Organization\",\"@id\":\"https:\/\/perarose.com\/#organization\",\"name\":\"Pera Rose Hotel\",\"url\":\"https:\/\/perarose.com\/\",\"logo\":{\"@type\":\"ImageObject\",\"inLanguage\":\"tr\",\"@id\":\"https:\/\/perarose.com\/#\/schema\/logo\/image\/\",\"url\":\"https:\/\/perarose.com\/wp-content\/uploads\/2021\/07\/pera-rose-otel.png\",\"contentUrl\":\"https:\/\/perarose.com\/wp-content\/uploads\/2021\/07\/pera-rose-otel.png\",\"width\":120,\"height\":70,\"caption\":\"Pera Rose Hotel\"},\"image\":{\"@id\":\"https:\/\/perarose.com\/#\/schema\/logo\/image\/\"}}]}<\/script>\n<!-- \/ Yoast SEO Premium plugin. -->","yoast_head_json":{"title":"Kolayl\u0131klar - Pera Rose Hotel","robots":{"index":"index","follow":"follow","max-snippet":"max-snippet:-1","max-image-preview":"max-image-preview:large","max-video-preview":"max-video-preview:-1"},"canonical":"https:\/\/perarose.com\/amenities\/","og_locale":"tr_TR","og_type":"article","og_title":"Kolayl\u0131klar","og_description":"Kolayl\u0131klar Pera Rose Hotel Profesyonel Konaklama Hizmeti \u0130le \u0130stanbul\u2019da Sizi A\u011f\u0131rl\u0131yor \u00a0\u00a0\u00a0\u00a0 L\u00fcks ve konforun birbiriyle bulu\u015ftu\u011fu PERA ROSE HOTEL\u2019e Ho\u015f Geldiniz. R\u00fcya gibi bir tatil ve i\u015f seyahatindeki t\u00fcm beklentileriniz otelimizde ger\u00e7ek oluyor. \u00a0\u00a0\u00a0\u00a0 \u0130stanbul&#8217;un i\u015f, al\u0131\u015fveri\u015f ve e\u011flence merkezi Beyo\u011flu Pera\u2019da e\u015fsiz Hali\u00e7 manzaras\u0131 e\u015fli\u011finde bamba\u015fka bir keyif ve deneyim sizi bekliyor. Tarihi [&hellip;]","og_url":"https:\/\/perarose.com\/amenities\/","og_site_name":"Pera Rose Hotel","article_modified_time":"2025-12-22T13:37:59+00:00","og_image":[{"width":1800,"height":1200,"url":"https:\/\/perarose.com\/wp-content\/uploads\/2025\/12\/R-D-1.jpg","type":"image\/jpeg"}],"twitter_card":"summary_large_image","twitter_misc":{"Tahmini okuma s\u00fcresi":"3 dakika"},"schema":{"@context":"https:\/\/schema.org","@graph":[{"@type":"WebPage","@id":"https:\/\/perarose.com\/amenities\/","url":"https:\/\/perarose.com\/amenities\/","name":"Kolayl\u0131klar - Pera Rose Hotel","isPartOf":{"@id":"https:\/\/perarose.com\/#website"},"primaryImageOfPage":{"@id":"https:\/\/perarose.com\/amenities\/#primaryimage"},"image":{"@id":"https:\/\/perarose.com\/amenities\/#primaryimage"},"thumbnailUrl":"https:\/\/perarose.com\/wp-content\/uploads\/2025\/12\/R-D-1.jpg","datePublished":"2021-07-07T12:26:46+00:00","dateModified":"2025-12-22T13:37:59+00:00","breadcrumb":{"@id":"https:\/\/perarose.com\/amenities\/#breadcrumb"},"inLanguage":"tr","potentialAction":[{"@type":"ReadAction","target":["https:\/\/perarose.com\/amenities\/"]}]},{"@type":"ImageObject","inLanguage":"tr","@id":"https:\/\/perarose.com\/amenities\/#primaryimage","url":"https:\/\/perarose.com\/wp-content\/uploads\/2025\/12\/R-D-1.jpg","contentUrl":"https:\/\/perarose.com\/wp-content\/uploads\/2025\/12\/R-D-1.jpg"},{"@type":"BreadcrumbList","@id":"https:\/\/perarose.com\/amenities\/#breadcrumb","itemListElement":[{"@type":"ListItem","position":1,"name":"Home","item":"https:\/\/perarose.com\/"},{"@type":"ListItem","position":2,"name":"Kolayl\u0131klar"}]},{"@type":"WebSite","@id":"https:\/\/perarose.com\/#website","url":"https:\/\/perarose.com\/","name":"Pera Rose Hotel","description":"\u0130stanbul Taksim","publisher":{"@id":"https:\/\/perarose.com\/#organization"},"potentialAction":[{"@type":"SearchAction","target":{"@type":"EntryPoint","urlTemplate":"https:\/\/perarose.com\/?s={search_term_string}"},"query-input":{"@type":"PropertyValueSpecification","valueRequired":true,"valueName":"search_term_string"}}],"inLanguage":"tr"},{"@type":"Organization","@id":"https:\/\/perarose.com\/#organization","name":"Pera Rose Hotel","url":"https:\/\/perarose.com\/","logo":{"@type":"ImageObject","inLanguage":"tr","@id":"https:\/\/perarose.com\/#\/schema\/logo\/image\/","url":"https:\/\/perarose.com\/wp-content\/uploads\/2021\/07\/pera-rose-otel.png","contentUrl":"https:\/\/perarose.com\/wp-content\/uploads\/2021\/07\/pera-rose-otel.png","width":120,"height":70,"caption":"Pera Rose Hotel"},"image":{"@id":"https:\/\/perarose.com\/#\/schema\/logo\/image\/"}}]}},"_links":{"self":[{"href":"https:\/\/perarose.com\/tr\/wp-json\/wp\/v2\/pages\/1017","targetHints":{"allow":["GET"]}}],"collection":[{"href":"https:\/\/perarose.com\/tr\/wp-json\/wp\/v2\/pages"}],"about":[{"href":"https:\/\/perarose.com\/tr\/wp-json\/wp\/v2\/types\/page"}],"author":[{"embeddable":true,"href":"https:\/\/perarose.com\/tr\/wp-json\/wp\/v2\/users\/1"}],"replies":[{"embeddable":true,"href":"https:\/\/perarose.com\/tr\/wp-json\/wp\/v2\/comments?post=1017"}],"version-history":[{"count":37,"href":"https:\/\/perarose.com\/tr\/wp-json\/wp\/v2\/pages\/1017\/revisions"}],"predecessor-version":[{"id":2875,"href":"https:\/\/perarose.com\/tr\/wp-json\/wp\/v2\/pages\/1017\/revisions\/2875"}],"wp:attachment":[{"href":"https:\/\/perarose.com\/tr\/wp-json\/wp\/v2\/media?parent=1017"}],"curies":[{"name":"wp","href":"https:\/\/api.w.org\/{rel}","templated":true}]}}